{"id":342,"date":"2021-02-08T13:24:38","date_gmt":"2021-02-08T12:24:38","guid":{"rendered":"https:\/\/www.cs.put.poznan.pl\/mszachniuk\/site\/?page_id=342"},"modified":"2026-03-18T21:10:49","modified_gmt":"2026-03-18T20:10:49","slug":"nagrody-dyplomantow","status":"publish","type":"page","link":"https:\/\/www.cs.put.poznan.pl\/mszachniuk\/site\/teaching\/nagrody-dyplomantow\/","title":{"rendered":"Nagrody dyplomant\u00f3w"},"content":{"rendered":"\n<script>\ndocument.getElementById(\"menu-item-188\").classList.add(\"current_page_item\");\n<\/script>\n<a href=\"..\/\">Informacje dla student\u00f3w<\/a> <<\n\n\n\n<h2 class=\"wp-block-heading\">Nagrody moich podopiecznych i dyplomant\u00f3w<\/h2>\n\n\n\n<table border=\"0\">\n  <tbody>\n  <tr>\n    <td width=\"40\" valign=\"top\" align=\"left\">2026<\/td>\n    <td width=\"10\" valign=\"top\" align=\"left\">&#8211;<\/td>\n    <td valign=\"top\" align=\"left\"><div align=\"justify\">Stypendium za wybitne osi\u0105gni\u0119cia naukowe przyznane Olgierdowi Ludwiczakowi przez Ministra Nauki i Szkolnictwa Wy\u017cszego na rok akademicki 2025\/2026<br><\/div><\/td>\n  <\/tr>\n  <tr>\n    <td width=\"40\" valign=\"top\" align=\"left\">2025<\/td>\n    <td width=\"10\" valign=\"top\" align=\"left\">&#8211;<\/td>\n    <td valign=\"top\" align=\"left\"><div align=\"justify\">Nagroda za najlepsz\u0105 publikacj\u0119 w tematyce RNA z wiod\u0105cym udzia\u0142em studenta przyznana Olgierdowi Ludwiczakowi w konkursie RNA Salon Pozna\u0144<br><\/div><\/td>\n  <\/tr>\n  <tr>\n    <td width=\"40\" valign=\"top\" align=\"left\">2025<\/td>\n    <td width=\"10\" valign=\"top\" align=\"left\">&#8211;<\/td>\n    <td valign=\"top\" align=\"left\"><div align=\"justify\">Wyr\u00f3\u017cnienie w konkursie na najlepszy poster przyznane Miko\u0142ajowi M\u0142ynarczykowi na XVIII Sympozjum Polskiego Towarzystwa Bioinformatycznego<br><\/div><\/td>\n  <\/tr>\n<tr>\n    <td width=\"40\" valign=\"top\" align=\"left\">2025<\/td>\n    <td width=\"10\" valign=\"top\" align=\"left\">&#8211;<\/td>\n    <td valign=\"top\" align=\"left\"><div align=\"justify\">Stypendium START przyznane Micha\u0142owi \u017burkowskiemu przez Fundacj\u0119 na rzecz Nauki Polskiej<br><\/div><\/td>\n  <\/tr>\n  <tr>\n    <td width=\"40\" valign=\"top\" align=\"left\">2024<\/td>\n    <td width=\"10\" valign=\"top\" align=\"left\">&#8211;<\/td>\n    <td valign=\"top\" align=\"left\"><div align=\"justify\">Nagroda za najlepsz\u0105 publikacj\u0119 w tematyce RNA z wiod\u0105cym udzia\u0142em studenta przyznana Marcie Ma\u0107kowiak w konkursie RNA Salon Pozna\u0144<br><\/div><\/td>\n  <\/tr>\n  <tr>\n    <td width=\"40\" valign=\"top\" align=\"left\">2024<\/td>\n    <td width=\"10\" valign=\"top\" align=\"left\">&#8211;<\/td>\n    <td valign=\"top\" align=\"left\"><div align=\"justify\">Stypendium za wybitne osi\u0105gni\u0119cia naukowe przyznane Bartoszowi Adamczykowi przez Ministra Nauki na rok akademicki 2023\/2024<br><\/div><\/td>\n  <\/tr>\n  <tr>\n    <td width=\"40\" valign=\"top\" align=\"left\">2023<\/td>\n    <td width=\"10\" valign=\"top\" align=\"left\">&#8211;<\/td>\n    <td valign=\"top\" align=\"left\"><div align=\"justify\">Nagroda za najlepsz\u0105 publikacj\u0119 w tematyce RNA z wiod\u0105cym udzia\u0142em doktoranta przyznana Micha\u0142owi \u017burkowskiemu w konkursie RNA Salon Pozna\u0144<br><\/div><\/td>\n  <\/tr>\n  <tr>\n    <td width=\"40\" valign=\"top\" align=\"left\">2023<\/td>\n    <td width=\"10\" valign=\"top\" align=\"left\">&#8211;<\/td>\n    <td valign=\"top\" align=\"left\"><div align=\"justify\">Nagroda za najlepsz\u0105 publikacj\u0119 w tematyce RNA z wiod\u0105cym udzia\u0142em studenta przyznana Bartoszowi Adamczykowi w konkursie RNA Salon Pozna\u0144<br><\/div><\/td>\n  <\/tr>\n  <tr>\n    <td width=\"40\" valign=\"top\" align=\"left\">2023<\/td>\n    <td width=\"10\" valign=\"top\" align=\"left\">&#8211;<\/td>\n    <td valign=\"top\" align=\"left\"><div align=\"justify\">Stypendium za wybitne osi\u0105gni\u0119cia naukowe przyznane Bartoszowi Adamczykowi przez Ministra Edukacji   i Nauki na rok akademicki 2022\/2023<br><\/div><\/td>\n  <\/tr>\n  <tr>\n    <td width=\"40\" valign=\"top\" align=\"left\">2020<\/td>\n    <td width=\"10\" valign=\"top\" align=\"left\">&#8211;<\/td>\n    <td valign=\"top\" align=\"left\"><div align=\"justify\">Nagroda za najlepszy poster przyznana Joannie Mi\u015bkiewicz na Jesiennych Warsztatach Polskiego Towarzystwa Bioinformatycznego<br><\/div><\/td>\n  <\/tr>\n  <tr>\n    <td width=\"40\" valign=\"top\" align=\"left\">2019<\/td>\n    <td width=\"10\" valign=\"top\" align=\"left\">&#8211;<\/td>\n    <td valign=\"top\" align=\"left\"><div align=\"justify\">Rozprawa doktorska &#8222;Algorithmic aspects of RNA structure similarity analysis&#8221; napisana przez Tomasza \u017boka wyr\u00f3\u017cniona przez Rad\u0119 Naukow\u0105 Wydzia\u0142u Informatyki Politechniki Pozna\u0144skiej<br><\/div><\/td>\n  <\/tr>\n  <tr>\n    <td width=\"40\" valign=\"top\" align=\"left\">2019<\/td>\n    <td width=\"10\" valign=\"top\" align=\"left\">&#8211;<\/td>\n    <td valign=\"top\" align=\"left\"><div align=\"justify\">Rozprawa doktorska &#8222;Algorithmic aspects of RNA structure similarity analysis&#8221; napisana przez Tomasza \u017boka nagrodzona przez Rad\u0119 Naukow\u0105 Miasta Poznania<br><\/div><\/td>\n  <\/tr>\n  <tr>\n    <td width=\"40\" valign=\"top\" align=\"left\">2019<\/td>\n    <td width=\"10\" valign=\"top\" align=\"left\">&#8211;<\/td>\n    <td valign=\"top\" align=\"left\"><div align=\"justify\">Nagroda za najlepsz\u0105 prezentacj\u0119 przyznana Joannie Mi\u015bkiewicz na XII Sympozjum Polskiego Towarzystwa Bioinformatycznego<br><\/div><\/td>\n  <\/tr>\n  <tr>\n    <td width=\"40\" valign=\"top\" align=\"left\">2019<\/td>\n    <td width=\"10\" valign=\"top\" align=\"left\">&#8211;<\/td>\n    <td valign=\"top\" align=\"left\"><div align=\"justify\">Praca in\u017cynierska &#8222;Nowa metoda identyfikacji pseudow\u0119z\u0142\u00f3w&#8221; napisana przez Micha\u0142a \u017burkowskiego nagrodzona w Konkursie Prac Dyplomowych pod Patronatem IEEE\n    <br><\/div><\/td>\n  <\/tr>\n\n  <tr>\n    <td width=\"40\" valign=\"top\" align=\"left\">2018<\/td>\n    <td width=\"10\" valign=\"top\" align=\"left\">&#8211;<\/td>\n    <td valign=\"top\" align=\"left\"><div align=\"justify\">II miejsce oraz nagroda publiczno\u015bci dla zespo\u0142u w sk\u0142adzie Jan Danecki, Kacper Figurski, Remigiusz G\u0119bka i Anna \u0141atka w Code4Life Hackathon pod patronatem Roche i Fundacji JiM<br><\/div><\/td>\n  <\/tr>\n  <tr>\n    <td width=\"40\" valign=\"top\" align=\"left\">2018<\/td>\n    <td width=\"10\" valign=\"top\" align=\"left\">&#8211;<\/td>\n    <td valign=\"top\" align=\"left\"><div align=\"justify\">Stypendium za wybitne osi\u0105gni\u0119cia naukowe przyznane Micha\u0142owi \u017burkowskiemu przez Ministra Nauki i Szkolnictwa Wy\u017cszego na rok akademicki 2018\/2019<br><\/div><\/td>\n  <\/tr>\n  <tr>\n    <td width=\"40\" valign=\"top\" align=\"left\">2016<\/td>\n    <td width=\"10\" valign=\"top\" align=\"left\">&#8211;<\/td>\n    <td valign=\"top\" align=\"left\"><div align=\"justify\">Stypendium naukowe za wybitne osi\u0105gni\u0119cia badawcze w dziedzinie bioinformatyki strukturalnej cz\u0105stek RNA przyznane Tomaszowi \u017bokowi przez Rad\u0119 Miasta Poznania<br><\/div><\/td>\n  <\/tr>\n  <tr>\n    <td width=\"40\" valign=\"top\" align=\"left\">2012<\/td>\n    <td width=\"10\" valign=\"top\" align=\"left\">&#8211;<\/td>\n    <td valign=\"top\" align=\"left\"><div align=\"justify\">Praca magisterska &#8222;Nowa metoda por\u00f3wnywania struktur molekularnych&#8221; napisana przez Tomasza \u017boka wyr\u00f3\u017cniona w Konkursie Na Najlepsz\u0105 Prac\u0119 Magistersk\u0105 z Bioinformatyki organizowanym przez Polskie Towarzystwo Bioinformatyczne\n    <br><\/div><\/td>\n  <\/tr>\n<tr>\n    <td width=\"40\" valign=\"top\" align=\"left\">2009<\/td>\n    <td width=\"10\" valign=\"top\" align=\"left\">&#8211;<\/td>\n    <td valign=\"top\" align=\"left\"><div align=\"justify\">Praca magisterska &#8222;Wyszukiwarka fragment\u00f3w RNA &#8211; projekt i implementacja&#8221; napisana przez Marka B\u0142a\u017cewicza wyr\u00f3\u017cniona w Konkursie Na Najlepsz\u0105 Prac\u0119 Magistersk\u0105 z Bioinformatyki organizowanym przez Polskie Towarzystwo Bioinformatyczne\n    <br><\/div><\/td>\n  <\/tr>\n<\/tbody><\/table>\n\n\n\n<p><\/p>\n","protected":false},"excerpt":{"rendered":"<p>Informacje dla student\u00f3w<\/p>\n","protected":false},"author":1,"featured_media":0,"parent":102,"menu_order":0,"comment_status":"closed","ping_status":"closed","template":"","meta":{"footnotes":""},"class_list":["post-342","page","type-page","status-publish","hentry"],"_links":{"self":[{"href":"https:\/\/www.cs.put.poznan.pl\/mszachniuk\/site\/wp-json\/wp\/v2\/pages\/342","targetHints":{"allow":["GET"]}}],"collection":[{"href":"https:\/\/www.cs.put.poznan.pl\/mszachniuk\/site\/wp-json\/wp\/v2\/pages"}],"about":[{"href":"https:\/\/www.cs.put.poznan.pl\/mszachniuk\/site\/wp-json\/wp\/v2\/types\/page"}],"author":[{"embeddable":true,"href":"https:\/\/www.cs.put.poznan.pl\/mszachniuk\/site\/wp-json\/wp\/v2\/users\/1"}],"replies":[{"embeddable":true,"href":"https:\/\/www.cs.put.poznan.pl\/mszachniuk\/site\/wp-json\/wp\/v2\/comments?post=342"}],"version-history":[{"count":39,"href":"https:\/\/www.cs.put.poznan.pl\/mszachniuk\/site\/wp-json\/wp\/v2\/pages\/342\/revisions"}],"predecessor-version":[{"id":3046,"href":"https:\/\/www.cs.put.poznan.pl\/mszachniuk\/site\/wp-json\/wp\/v2\/pages\/342\/revisions\/3046"}],"up":[{"embeddable":true,"href":"https:\/\/www.cs.put.poznan.pl\/mszachniuk\/site\/wp-json\/wp\/v2\/pages\/102"}],"wp:attachment":[{"href":"https:\/\/www.cs.put.poznan.pl\/mszachniuk\/site\/wp-json\/wp\/v2\/media?parent=342"}],"curies":[{"name":"wp","href":"https:\/\/api.w.org\/{rel}","templated":true}]}}