{"id":100,"date":"2021-02-04T14:40:32","date_gmt":"2021-02-04T13:40:32","guid":{"rendered":"http:\/\/localhost\/mSzachniuk\/?page_id=100"},"modified":"2026-05-08T08:06:25","modified_gmt":"2026-05-08T06:06:25","slug":"research-grants","status":"publish","type":"page","link":"https:\/\/www.cs.put.poznan.pl\/mszachniuk\/site\/research-grants\/","title":{"rendered":"Research &#038; Grants"},"content":{"rendered":"\n<h1 class=\"wp-block-heading\">Research interests<\/h1>\n\n\n\n<p align=\"justify\">\nResearch interests include algorithms (theory and applications), mathematical modeling, combinatorial problems in life sciences, RNA structure (modeling, analysis, dynamics).\n<\/p>\n\n\n\n<h1 class=\"wp-block-heading\">Bioinformatics projects<\/h1>\n\n\n\n<table border=\"0\">\n<tbody>\n<tr>\n<td colspan=\"2\"><h4>RNApolis &#8211; a virtual laboratory of RNA bioinformatics<\/h4><\/td>\n<\/tr>\n<tr>\n<td><\/td><td>under construction projects are marked with *<\/td>\n<\/tr>\n\n<tr>\n<td><a target=\"_blank\" href=\"https:\/\/github.com\/RNApolis\" rel=\"noopener noreferrer\">@ GitHub<\/a><\/td>\n<td>some RNApolis projects available at GitHub \n<\/td>\n<\/tr>\n\n<tr>\n<td>GraphaFold*<\/a><\/td>\n<td>GNN to predict non-canonical base pairs in RNA 2D structure \n<\/td>\n<\/tr>\n\n<tr>\n<td valign=\"top\" align=\"left\"><a target=\"_blank\" href=\"https:\/\/github.com\/mjustynaPhD\/GraphaRNA\" rel=\"noopener noreferrer\">GraphaRNA<\/a><\/td>\n<td>graph neural network and diffusion model for RNA 3D structure prediction [<a target=\"_blank\" href=\"https:\/\/doi.org\/10.1093\/bioinformatics\/btaf515\" rel=\"noopener noreferrer\">ref<\/a>]<\/td>\n<\/tr>\n\n<tr>\n <td valign=\"top\" align=\"left\"><a target=\"_blank\" href=\"http:\/\/rnacomposer.cs.put.poznan.pl\" rel=\"noopener noreferrer\">RNAComposer<\/a><\/td>\n <td>fully automated RNA structure prediction server\n[<a target=\"_blank\" href=\"https:\/\/doi.org\/10.1093\/nar\/gks339\" rel=\"noopener noreferrer\">ref<\/a>, <a target=\"_blank\" href=\"https:\/\/doi.org\/10.18388\/abp.2016_1329\" rel=\"noopener noreferrer\">ref<\/a>, <a target=\"_blank\" href=\"https:\/\/doi.org\/10.1002\/prot.26578\" rel=\"noopener noreferrer\">ref<\/a>]\n<\/td>\n<\/tr>\n\n<tr>\n<td><a target=\"_blank\" href=\"http:\/\/rnafitme.cs.put.poznan.pl\" rel=\"noopener noreferrer\">RNAfitme<\/a><\/td>\n<td>webserver for modeling nucleobase and nucleoside residue conformation in fixed-backbone RNA structures\n[<a target=\"_blank\" href=\"https:\/\/doi.org\/10.1186\/s12859-018-2317-9\" rel=\"noopener noreferrer\">ref<\/a>]<\/td>\n<\/tr>\n\n<tr>\n <td valign=\"top\" align=\"left\"><a target=\"_blank\" href=\"http:\/\/rnafrabase.cs.put.poznan.pl\" rel=\"noopener noreferrer\">RNA FRABASE<\/a><\/td>\n <td>RNA FRAgments dataBASE and search engine\n[<a target=\"_blank\" href=\"https:\/\/doi.org\/10.1093\/nar\/gkm786\" rel=\"noopener noreferrer\">ref<\/a>, <a target=\"_blank\" href=\"https:\/\/doi.org\/10.1186\/1471-2105-11-231\" rel=\"noopener noreferrer\">ref<\/a>]\n<\/td>\n<\/tr>\n\n<tr>\n<td valign=\"top\" align=\"left\">RNAgrail*<\/td>\n<td>graph neural network and diffusion model for RNA 3D structure prediction<\/td>\n<\/tr>\n\n<tr>\n<td valign=\"top\" align=\"left\"><a target=\"_blank\" href=\"http:\/\/rnahugs.cs.put.poznan.pl\" rel=\"noopener noreferrer\">RNAhugs<\/a><\/td>\n<td>webserver for RNA 3D structure alignment [<a target=\"_blank\" href=\"https:\/\/doi.org\/10.1093\/bioinformatics\/btad315\" rel=\"noopener noreferrer\">ref<\/a>, <a target=\"_blank\" href=\"https:\/\/doi.org\/10.1093\/nar\/gkae259\" rel=\"noopener noreferrer\">ref<\/a>]<\/td>\n<\/tr>\n\n<tr>\n<td><a target=\"_blank\" href=\"http:\/\/rnaloops.cs.put.poznan.pl\/\" rel=\"noopener noreferrer\">RNAloops<\/a><\/td>\n<td>database of RNA multiloops [<a target=\"_blank\" href=\"https:\/\/doi.org\/10.1093\/bioinformatics\/btac484\" rel=\"noopener noreferrer\">ref<\/a>]<\/td>\n<\/tr>\n\n<tr>\n<td><a target=\"_blank\" href=\"http:\/\/rnalyzer.cs.put.poznan.pl\" rel=\"noopener noreferrer\">RNAlyzer<\/a><\/td>\n<td>framework for quality analysis of RNA models\n[<a target=\"_blank\" href=\"https:\/\/doi.org\/10.1093\/nar\/gkt318\" rel=\"noopener noreferrer\">ref<\/a>]<\/td>\n<\/tr>\n\n<tr>\n<td><a target=\"_blank\" href=\"https:\/\/rnamoley.cs.put.poznan.pl\/\" rel=\"noopener noreferrer\">RNAmoley<\/a><\/td>\n<td>web application for local quality assessment and refinement of RNA 3D models<\/td>\n<\/tr>\n\n<tr>\n<td><a target=\"_blank\" href=\"http:\/\/rnapdbee.cs.put.poznan.pl\" rel=\"noopener noreferrer\">RNApdbee<\/a><\/td>\n<td>multifunctional webserver tool for RNA structure annotation\n[<a target=\"_blank\" href=\"https:\/\/doi.org\/10.1093\/nar\/gku330\" rel=\"noopener noreferrer\">ref<\/a>, <a target=\"_blank\" href=\"https:\/\/doi.org\/10.1093\/nar\/gky314\" rel=\"noopener noreferrer\">ref<\/a>]<\/td>\n<\/tr>\n\n<tr>\n<td><a target=\"_blank\" href=\"https:\/\/github.com\/mantczak\/rnaqua\" rel=\"noopener noreferrer\">RNAQUA<\/a><\/td>\n<td>computational tool for RNA QUality Assessment\n[<a target=\"_blank\" href=\"https:\/\/doi.org\/10.1093\/nar\/gkz1108\" rel=\"noopener noreferrer\">ref<\/a>]<\/td>\n<\/tr>\n\n<tr>\n<td><a target=\"_blank\" href=\"https:\/\/rnaspider.cs.put.poznan.pl\/\" rel=\"noopener noreferrer\">RNAspider<\/a>\n<\/td>\n<td>webserver to analyze entanglements in RNA 3D structures [<a target=\"_blank\" href=\"https:\/\/dx.doi.org\/10.1093\/nar\/gkac218\" rel=\"noopener noreferrer\">ref<\/a>]<\/td>\n<\/tr>\n\n<tr>\n<td><a target=\"_blank\" href=\"https:\/\/rnasolo.cs.put.poznan.pl\/\" rel=\"noopener noreferrer\">RNAsolo<\/a>\n<\/td>\n<td>database of cleaned PDB-derived RNA 3D structures [<a target=\"_blank\" href=\"https:\/\/doi.org\/10.1093\/bioinformatics\/btac386\" rel=\"noopener noreferrer\">ref<\/a>, <a target=\"_blank\" href=\"https:\/\/doi.org\/10.1016\/j.jmb.2025.169570\" rel=\"noopener noreferrer\"> ref<\/a>]<\/td>\n<\/tr>\n\n<tr>\n<td><a target=\"_blank\" href=\"http:\/\/rnassess.cs.put.poznan.pl\" rel=\"noopener noreferrer\">RNAssess<\/a><\/td>\n<td>webserver for quality assessment of RNA 3D structures \n[<a target=\"_blank\" href=\"https:\/\/doi.org\/10.1093\/nar\/gkv557\" rel=\"noopener noreferrer\">ref<\/a>]<\/td>\n<\/tr>\n\n<tr>\n<td><a target=\"_blank\" href=\"https:\/\/rnatango.cs.put.poznan.pl\/\" rel=\"noopener noreferrer\">RNAtango<\/a><\/td>\n<td>webserver to study RNA 3D structures through torsion angles [<a target=\"_blank\" href=\"https:\/\/doi.org\/10.1371\/journal.pcbi.1012500\" rel=\"noopener noreferrer\">ref<\/a>]<\/td>\n<\/tr>\n\n<tr>\n<td><a target=\"_blank\" href=\"http:\/\/rnathor.cs.put.poznan.pl\" rel=\"noopener noreferrer\">RNAthor<\/a><\/td>\n<td>webserver for the automatic normalization of RNA probing data\n[<a target=\"_blank\" href=\"https:\/\/doi.org\/10.1371\/journal.pone.0239287\" rel=\"noopener noreferrer\">ref<\/a>]<\/td>\n<\/tr>\n\n<tr>\n<td><a target=\"_blank\" href=\"http:\/\/rnative.cs.put.poznan.pl\" rel=\"noopener noreferrer\">RNAtive<\/a><\/td>\n<td>webserver to rank RNA 3D models and infer the native [<a target=\"_blank\" href=\"https:\/\/doi.org\/10.1093\/bioinformatics\/btaf601\" rel=\"noopener noreferrer\">ref<\/a>]<\/td>\n<\/tr>\n\n<tr>\n<td><a target=\"_blank\" href=\"http:\/\/rnavista.cs.put.poznan.pl\" rel=\"noopener noreferrer\">RNAvista<\/a><\/td>\n<td>webserver to assess RNA secondary structures with non-canonical base pairs\n[<a target=\"_blank\" href=\"https:\/\/doi.org\/10.1093\/bioinformatics\/bty609\" rel=\"noopener noreferrer\">ref<\/a>]<\/td>\n<\/tr>\n\n<tr>\n<td><a target=\"_blank\" href=\"https:\/\/github.com\/tzok\/mcq4structures\" rel=\"noopener noreferrer\">MCQ4Structures<\/a><\/td>\n<td>standalone app to compute torsion angle-based similarity of molecule structures\n[<a target=\"_blank\" href=\"https:\/\/doi.org\/10.1007\/s10100-013-0296-5\" rel=\"noopener noreferrer\">ref<\/a>]<\/td>\n<\/tr>\n\n<tr>\n<td colspan=\"2\"><h4>SpaceTetrado &#8211; computational tools for quadruplexes<\/h4><\/td>\n<\/tr>\n\n<tr>\n<td><a target=\"_blank\" href=\"https:\/\/github.com\/RNApolis\/drawtetrado\" rel=\"noopener noreferrer\">DrawTetrado<\/a><\/td>\n<td>standalone app to draw layer diagrams representing quadruplex structures [<a target=\"_blank\" href=\"https:\/\/doi.org\/10.1093\/bioinformatics\/btac394\" rel=\"noopener noreferrer\">ref<\/a>]<\/td>\n<\/tr>\n\n<tr>\n<td><a target=\"_blank\" href=\"https:\/\/github.com\/tzok\/eltetrado\" rel=\"noopener noreferrer\">ElTetrado<\/a><\/td>\n<td>standalone app for identification and classification of tetrads and quadruplexes\n[<a target=\"_blank\" href=\"https:\/\/doi.org\/10.1186\/s12859-020-3385-1\" rel=\"noopener noreferrer\">ref<\/a>]<\/td>\n<\/tr>\n\n<tr>\n<td><a target=\"_blank\" href=\"https:\/\/g4composer.cs.put.poznan.pl\/\" rel=\"noopener noreferrer\">G4Composer<\/a><\/td>\n<td>webserver for quadruplex structure modeling<\/td>\n<\/tr>\n\n<tr>\n<td><a target=\"_blank\" href=\"https:\/\/github.com\/michal-zurkowski\/linktetrado\" rel=\"noopener noreferrer\">LinkTetrado<\/a><\/td>\n<td>standalone app to identify polynucleotide motifs (tetrads, pentads and beyond)\n[<a target=\"_blank\" href=\"https:\/\/doi.org\/10.1371\/journal.pcbi.1013633\" rel=\"noopener noreferrer\">ref<\/a>]<\/td>\n<\/tr>\n\n<tr>\n<td><a target=\"_blank\" href=\"https:\/\/onquadro.cs.put.poznan.pl\" rel=\"noopener noreferrer\">ONQUADRO<\/a><\/td>\n<td>database of tetrads, quadruplexes, and G4-helices\n[<a target=\"_blank\" href=\"https:\/\/doi.org\/10.1093\/nar\/gkab1118\" rel=\"noopener noreferrer\">ref<\/a>]<\/td>\n<\/tr>\n\n<tr>\n<td><a target=\"_blank\" href=\"https:\/\/webtetrado.cs.put.poznan.pl\/\" rel=\"noopener noreferrer\">WebTetrado<\/a><\/td>\n<td>webserver to annotate and visualize quadruplexes in nucleic acid 3D structures [<a target=\"_blank\" href=\"https:\/\/doi.org\/10.1093\/nar\/gkad346\" rel=\"noopener noreferrer\">ref<\/a>]<\/td>\n<\/tr>\n\n<tr>\n<td colspan=\"2\"><h4>Other bioinformatics tools<\/h4><\/td>\n<\/tr>\n\n<tr>\n<td><a target=\"_blank\" href=\"https:\/\/rnadrug.ichb.pl\/frontend\/\" rel=\"noopener noreferrer\">BIOREDIS<\/a><\/td>\n<td>computational platform for designing nucleic acid therapeutics [ref]<\/td>\n<\/tr>\n\n<tr>\n<td><a target=\"_blank\" href=\"https:\/\/mirarchitect.cs.put.poznan.pl\/\" rel=\"noopener noreferrer\">miRarchitect<\/a><\/td>\n<td>machine learning-based tool for rational design of artificial miRNAs [ref]<\/td>\n<\/tr>\n\n<tr>\n<td><a target=\"_blank\" href=\"http:\/\/smerfa.igcz.poznan.pl\" rel=\"noopener noreferrer\">SMERFA<\/a>*<\/td>\n<td>structural, muscular and elastic RNA finder and aligner [ref]<\/td>\n<\/tr>\n\n<tr>\n<td><a target=\"_blank\" href=\"https:\/\/virxicon.cs.put.poznan.pl\" rel=\"noopener noreferrer\">Virxicon<\/a><\/td>\n<td>a lexicon of viral sequences\n[<a target=\"_blank\" href=\"https:\/\/doi.org\/10.1093\/bioinformatics\/btaa1066\" rel=\"noopener noreferrer\">ref<\/a>]<\/td>\n<\/tr>\n\n<\/tbody>\n<\/table>\n\n\n\n<h1 class=\"wp-block-heading\">Research grants<\/h1>\n\n\n\n<table border=\"0\">\n <tbody>\n<tr>\n<td valign=\"top\" align=\"left\">2025-2028<\/td>\n <td valign=\"top\" align=\"center\">&#8211;<\/td>\n <td><span class=\"medium\"><div align=\"justify\">Grant No 2024\/53\/B\/ST6\/02789 (OPUS 27) from the National Science Centre (NCN, Poland), <em>Modelowanie struktury RNA ukierunkowane na motywy funkcjonalne (Functional motif-targeted RNA structure modeling)<\/em> &#8211; <strong>principal investigator<\/strong><\/div><\/span><\/td>\n <\/tr>\n<tr>\n <td valign=\"top\" align=\"left\">2024-2026<\/td>\n <td valign=\"top\" align=\"center\">&#8211;<\/td>\n <td><span class=\"medium\"><div align=\"justify\">Bilateral Research and Mobility Project under the scientific cooperation between the Polish Academy of Sciences (PAS) and the Czech Academy of Sciences (CAS), <em>Zaawansowane algorytmy wspomagaj\u0105ce predykcj\u0119 wysokiej jako\u015bci modeli 3D RNA (Advanced algorithms to support prediction of high quality 3D RNA models)<\/em> &#8211; <strong>principal investigator<\/strong><\/div><\/span><\/td>\n <\/tr>\n<tr>\n <td valign=\"top\" align=\"left\">2024-2027<\/td>\n <td valign=\"top\" align=\"center\">&#8211;<\/td>\n <td><span class=\"medium\"><div align=\"justify\">Grant No 2023\/51\/D\/ST6\/01207 (SONATA 19) from the National Science Centre (NCN, Poland), <em>Eksploracja motyw\u00f3w p\u0119tli wielokrotnych w strukturach RNA (Exploring multiple loop motifs in RNA structures)<\/em> &#8211; executor<\/div><\/span><\/td>\n <\/tr>\n<tr>\n<tr>\n <td valign=\"top\" align=\"left\">2021-2027<\/td>\n <td valign=\"top\" align=\"center\">&#8211;<\/td>\n <td><span class=\"medium\"><div align=\"justify\">Grant No 2021\/ABM\/05\/00004 from the Medical Research Agency (ABM, Poland), <em>Stworzenie uniwersalnej platformy szybkiego reagowania, bazuj\u0105cej na technologii RNA, zapewniaj\u0105cej bezpiecze\u0144stwo lekowe i epidemiologiczne kraju (Development of a universal fast-response platform, based on RNA technology, ensuring the national drug and epidemiological safety)<\/em> &#8211; task manager, team leader<\/div><\/span><\/td>\n <\/tr>\n<tr>\n <td valign=\"top\" align=\"left\">2021-2026<\/td>\n <td valign=\"top\" align=\"center\">&#8211;<\/td>\n <td><span class=\"medium\"><div align=\"justify\">Grant No 2020\/39\/O\/ST6\/01488 (PRELUDIUM BIS 2) from the National Science Centre (NCN, Poland), <em>Przewidywanie struktur 3D RNA z wykorzystaniem generatywnych sieci przestawnych (Predicting 3D RNA structures using Generative Adversarial Networks)<\/em> &#8211; <strong>principal investigator<\/strong><\/div><\/span><\/td>\n <\/tr>\n<tr>\n<td valign=\"top\" align=\"left\">2020-2023<\/td>\n <td valign=\"top\" align=\"center\">&#8211;<\/td>\n <td><span class=\"medium\"><div align=\"justify\">Grant No 2019\/35\/B\/ST6\/03074 (OPUS 18) from the National Science Centre (NCN, Poland), <em>Eksploracja cech i modelowanie struktury kwadrupleks\u00f3w (Feature exploration and modelling of quadruplex structures)<\/em> &#8211; <strong>principal investigator<\/strong><\/div><\/span><\/td>\n <\/tr>\n <tr>\n <td valign=\"top\" align=\"left\">2017-2020<\/td>\n <td valign=\"top\" align=\"center\">&#8211;<\/td>\n <td><span class=\"medium\"><div align=\"justify\">Grant No 2016\/23\/B\/ST6\/03931 (OPUS 12) from the National Science Centre (NCN, Poland), <em>RNApolis \u2013 metody i algorytmy do modelowania i analizy struktury RNA (RNApolis &#8211; methods and algorithms to model and analyze the RNA structure)<\/em> &#8211; <strong>principal investigator<\/strong><\/div><\/span><\/td>\n <\/tr>\n <tr>\n <td valign=\"top\" align=\"left\">2017-2018<\/td>\n <td valign=\"top\" align=\"center\">&#8211;<\/td>\n <td><span class=\"medium\"><div align=\"justify\">Grant No 2016\/23\/N\/ST6\/03779 (PRELUDIUM 12) from the National Science Centre (NCN, Poland), <em>Rozw\u00f3j bioinformatycznych modeli do analizy struktur 3D RNA w przestrzeni k\u0105towej (Development of bioinformatics models to analyze 3D RNA structures in torsion angle space)<\/em> &#8211; supervisor<\/div><\/span><\/td>\n <\/tr>\n <tr>\n <td valign=\"top\" align=\"left\">2016-2018<\/td>\n <td valign=\"top\" align=\"center\">&#8211;<\/td>\n <td><span class=\"medium\"><div align=\"justify\">Bilateral Research and Mobility Project Canaletto under the scientific cooperation between the Polish Academy of Sciences (PAS) and the Consiglio Nazionale delle Ricerche (CNR; Italy), <em>Zaprojektowanie i implementacja metod do integracji danych z \neksperyment\u00f3w analizy zmienno\u015bci liczby kopii (CNV) z ekspresj\u0105 gen\u00f3w (GE) oraz sieciami interakcji bia\u0142ko-bia\u0142ko (PPI) (Design and implementation of methods to integrate the analysis of Copy Number Variation (CNV) experiments with Gene Expression (GE) and Protein-Protein Interaction (PPI))<\/em> &#8211; <strong>principal investigator<\/strong><\/div><\/span><\/td>\n <\/tr>\n <tr>\n <td valign=\"top\" align=\"left\">2013-2015<\/td>\n <td valign=\"top\" align=\"center\">&#8211;<\/td>\n <td><span class=\"medium\"><div align=\"justify\">Grant No 2012\/05\/B\/ST6\/03026 (OPUS 3) from the National Science Centre (NCN, Poland), <em>Informatyczne modele i metody w biologii kom\u00f3rkowej (Computational models and methods in cell biology)<\/em> &#8211; main executor<\/div><\/span><\/td>\n <\/tr>\n <tr>\n <td valign=\"top\" align=\"left\">2013-2015<\/td>\n <td valign=\"top\" align=\"center\">&#8211;<\/td>\n <td><span class=\"medium\"><div align=\"justify\">Grant No 2012\/06\/A\/ST6\/00384 (MAESTRO 3) from the National Science Centre (NCN, Poland), <em>Automatyczne, wysokoprzepustowe modelowanie struktur przestrzennych RNA (Automated, high-throughput modeling of RNA three-dimensional structures)<\/em> &#8211; executor<\/div><\/span><\/td>\n <\/tr> \n <tr>\n <td valign=\"top\" align=\"left\">2010-2012<\/td>\n <td valign=\"top\" align=\"center\">&#8211;<\/td>\n <td><span class=\"medium\"><div align=\"justify\">POIG.02.02-30-009\/09, <em>Rozw\u00f3j Infrastruktury Europejskiego Centrum Bioinformatyki i Genomiki (A development of the European Centre for Bioinformatics and Genomics infrastructure)<\/em> &#8211; administrative specialist<\/div><\/span><\/td>\n <\/tr>\n <tr>\n <td valign=\"top\" align=\"left\">2010-2012<\/td>\n <td valign=\"top\" align=\"center\">&#8211;<\/td>\n <td><span class=\"medium\"><div align=\"justify\">Bilateral Research and Mobility Project under the scientific cooperation between the Polish Academy of Sciences (PAS) and the Consiglio Nazionale delle Ricerche (CNR; Italy), <em>Advanced bioinformatic algorithms in molecular biology (Zaawansowane algorytmy bioinformatyczne w biologii molekularnej)<\/em> &#8211; project participant<\/div><\/span><\/td>\n <\/tr>\n <tr>\n <td valign=\"top\" align=\"left\">2008-2011<\/td>\n <td valign=\"top\" align=\"center\">&#8211;<\/td>\n <td><span class=\"medium\"><div align=\"justify\">Grant No NN519314635 from the Ministry of Science and Higher Education (MNiSW, Poland), <em>Pierwszorz\u0119dowa i przestrzenna struktura kwas\u00f3w nukleinowych i bia\u0142ek &#8211; analiza i algorytmy (Primary and tertiary structure of nucleic acids and proteins &#8211; analysis and algorithms)<\/em> &#8211; executor<\/div><\/span><\/td>\n <\/tr>\n<tr>\n <td valign=\"top\" align=\"left\">2005-2009<\/td>\n <td valign=\"top\" align=\"center\">&#8211;<\/td>\n <td><span class=\"medium\"><div align=\"justify\">EU FP6 project BIOPTRAIN (Grant agreement ID: 7597) from the European Commission, <em>Bioinformatics Optimisation Training (Optymalizacja w bioinformatyce)<\/em> &#8211; project manager<\/div><\/span><\/td>\n <\/tr> \n<tr>\n <td valign=\"top\" align=\"left\">2005-2009<\/td>\n <td valign=\"top\" align=\"center\">&#8211;<\/td>\n <td><span class=\"medium\"><div align=\"justify\">EU FP6 project COMPUVAC (Grant agreement ID: 5246) from the European Commission, <em>Rational design and standardized evaluation of novel genetic vaccines (Racjonalne projektowanie oraz standaryzowana ewaluacja nowych szczepionek genetycznych)<\/em> &#8211; executor<\/div><\/span><\/td>\n <\/tr>\n <tr>\n <td valign=\"top\" align=\"left\">2005-2008<\/td>\n <td valign=\"top\" align=\"center\">&#8211;<\/td>\n <td><span class=\"medium\"><div align=\"justify\">EU FP6 project <a href=\"http:\/\/www.metafunctions.org\/\" target=\"blank\" rel=\"noopener noreferrer\">METAFUNCTIONS<\/a> (Grant agreement ID: 511784) from the European Commission, <em>Environmental &#8211; and meta-genomics \u2013 a bioinformatic system to detect and assign functions to habitat specific gene patterns (\u015arodowisko i metagenomy \u2013 bioinformatyczny system do odkrywania i przypisywania funkcji do uwarunkowanych \u015brodowiskowo wzorc\u00f3w\ngenomowych)<\/em> &#8211; senior researcher, project manager<\/div><\/span><\/td>\n <\/tr>\n <tr>\n <td valign=\"top\" align=\"left\">2004-2007<\/td>\n <td valign=\"top\" align=\"center\">&#8211;<\/td>\n <td><span class=\"medium\"><div align=\"justify\">Grant No 3T11F00227 from the State Committee for Scientific Research (KBN, Poland), <em>Informatyczne aspekty analizy strukturalnej biomoleku\u0142 (Computational aspects of biomolecule structure analysis)<\/em> &#8211; executor<\/div><\/span><\/td>\n <\/tr>\n <tr>\n <td valign=\"top\" align=\"left\">2002-2004<\/td>\n <td valign=\"top\" align=\"center\">&#8211;<\/td>\n <td><span class=\"medium\"><div align=\"justify\">MPI-PUT ESR Training Project &#8211; ESR<\/div><\/span><\/td>\n <\/tr>\n <tr>\n  <td width=\"70\" valign=\"top\" align=\"left\">2001-2003<\/td>\n  <td width=\"15\" valign=\"top\" align=\"center\">&#8211;<\/td>\n  <td><span class=\"medium\"><div align=\"justify\">Grant No 7T11F02621 from the State Committee for Scientific Research (KBN, Poland), <em>Algorytmy wspomagaj\u0105ce analiz\u0119 liniowej i przestrzennej struktury kwas\u00f3w nukleinowych i bia\u0142ek (Algorithms for an analysis of primary and tertiary structure of proteins and nucleic acids)<\/em> &#8211; executor<\/div><\/span><\/td>\n <\/tr>\n<\/tbody><\/table>\n\n\n\n<p><\/p>\n","protected":false},"excerpt":{"rendered":"<p>Research interests Research interests include algorithms (theory and applications), mathematical modeling, combinatorial problems in life sciences, RNA structure (modeling, analysis, dynamics). Bioinformatics projects RNApolis &#8211; a virtual laboratory of RNA bioinformatics under construction projects are marked with * @ GitHub some RNApolis projects available at GitHub GraphaFold* GNN to predict non-canonical base pairs in RNA [&hellip;]<\/p>\n","protected":false},"author":1,"featured_media":0,"parent":0,"menu_order":0,"comment_status":"closed","ping_status":"closed","template":"","meta":{"footnotes":""},"class_list":["post-100","page","type-page","status-publish","hentry"],"_links":{"self":[{"href":"https:\/\/www.cs.put.poznan.pl\/mszachniuk\/site\/wp-json\/wp\/v2\/pages\/100","targetHints":{"allow":["GET"]}}],"collection":[{"href":"https:\/\/www.cs.put.poznan.pl\/mszachniuk\/site\/wp-json\/wp\/v2\/pages"}],"about":[{"href":"https:\/\/www.cs.put.poznan.pl\/mszachniuk\/site\/wp-json\/wp\/v2\/types\/page"}],"author":[{"embeddable":true,"href":"https:\/\/www.cs.put.poznan.pl\/mszachniuk\/site\/wp-json\/wp\/v2\/users\/1"}],"replies":[{"embeddable":true,"href":"https:\/\/www.cs.put.poznan.pl\/mszachniuk\/site\/wp-json\/wp\/v2\/comments?post=100"}],"version-history":[{"count":169,"href":"https:\/\/www.cs.put.poznan.pl\/mszachniuk\/site\/wp-json\/wp\/v2\/pages\/100\/revisions"}],"predecessor-version":[{"id":3111,"href":"https:\/\/www.cs.put.poznan.pl\/mszachniuk\/site\/wp-json\/wp\/v2\/pages\/100\/revisions\/3111"}],"wp:attachment":[{"href":"https:\/\/www.cs.put.poznan.pl\/mszachniuk\/site\/wp-json\/wp\/v2\/media?parent=100"}],"curies":[{"name":"wp","href":"https:\/\/api.w.org\/{rel}","templated":true}]}}