{"id":72,"date":"2020-07-27T16:14:15","date_gmt":"2020-07-27T14:14:15","guid":{"rendered":"https:\/\/www.cs.put.poznan.pl\/iwpb\/site\/?page_id=72"},"modified":"2022-12-01T22:09:19","modified_gmt":"2022-12-01T21:09:19","slug":"plan-specjalnosci","status":"publish","type":"page","link":"https:\/\/www.cs.put.poznan.pl\/ip\/plan-specjalnosci\/","title":{"rendered":"Plan specjalno\u015bci"},"content":{"rendered":"<table class=\"real\">\n<tbody>\n<tr>\n<th>Semestr 1<\/th>\n<th>wyk\u0142ad<\/th>\n<th>\u0107wiczenia<\/th>\n<th>laboratorium<\/th>\n<th>projekt<\/th>\n<th>ECTS<\/th>\n<\/tr>\n<tr>\n<td>Projektowanie system\u00f3w wbudowanych dla Internetu Przedmiot\u00f3w (E)<\/a><\/td>\n<td>15<\/td>\n<td>&#8211;<\/td>\n<td>20<\/td>\n<td>20<\/td>\n<td>5<\/td>\n<\/tr>\n<tr>\n<td>Projektowanie system\u00f3w i aplikacji mobilnych mobilnych oraz internetowych<\/td>\n<td>30<\/td>\n<td>&#8211;<\/td>\n<td>15<\/td>\n<td>30<\/td>\n<td>6<\/td>\n<\/tr>\n<tr>\n<td>Inteligentne systemy sterowania (E)<\/td>\n<td>15<\/td>\n<td>&#8211;<\/td>\n<td>30<\/td>\n<td>&#8211;<\/td>\n<td>4<\/td>\n<\/tr>\n<tr>\n<td>Programowanie i transmisja cyfrowa w sterownikach PLC<\/td>\n<td>15<\/td>\n<td>&#8211;<\/td>\n<td>30<\/td>\n<td>&#8211;<\/td>\n<td>3<\/td>\n<\/tr>\n<tr>\n<td>Analiza danych i sieci semantyczne dla Internetu Przedmiot\u00f3w (E)<\/td>\n<td>30<\/td>\n<td>&#8211;<\/td>\n<td>30<\/td>\n<td>&#8211;<\/td>\n<td>5<\/td>\n<\/tr>\n<tr>\n<td>Zaawansowane technologie baz danych<\/td>\n<td>15<\/td>\n<td>&#8211;<\/td>\n<td>30<\/td>\n<td>&#8211;<\/td>\n<td>3<\/td>\n<\/tr>\n<tr>\n<td>Zarz\u0105dzanie projektami<\/td>\n<td>15<\/td>\n<td>&#8211;<\/td>\n<td>15<\/td>\n<td>&#8211;<\/td>\n<td>2<\/td>\n<\/tr>\n<tr>\n<td>Communication in English<\/td>\n<td>&#8211;<\/td>\n<td>30<\/td>\n<td>&#8211;<\/td>\n<td>&#8211;<\/td>\n<td>2<\/td>\n<\/tr>\n<tr>\n<td>Podstawowe szkolenie z zakresu BHP<\/td>\n<td>4<\/td>\n<td>&#8211;<\/td>\n<td>&#8211;<\/td>\n<td>&#8211;<\/td>\n<td>0<\/td>\n<\/tr>\n<tr>\n<th>Semestr 2<\/th>\n<th>wyk\u0142ad<\/th>\n<th>\u0107wiczenia<\/th>\n<th>laboratorium<\/th>\n<th>projekt<\/th>\n<th>ECTS<\/th>\n<\/tr>\n<tr>\n<td>Pracownia badawczo-problemowa<\/td>\n<td>&#8211;<\/td>\n<td>&#8211;<\/td>\n<td>&#8211;<\/td>\n<td>45<\/td>\n<td>2<\/td>\n<\/tr>\n<tr>\n<td>Sensory i bezprzewodowe sieci sensorowe (E)<\/td>\n<td>15<\/td>\n<td>&#8211;<\/td>\n<td>30<\/td>\n<td>&#8211;<\/td>\n<td>4<\/td>\n<\/tr>\n<tr>\n<td>Inteligentne domy i budynki (E)<\/td>\n<td>30<\/td>\n<td>&#8211;<\/td>\n<td>30<\/td>\n<td>&#8211;<\/td>\n<td>6<\/td>\n<\/tr>\n<tr>\n<td>Bezprzewodowe sieci komputerowe (E)<\/td>\n<td>15<\/td>\n<td>&#8211;<\/td>\n<td>15<\/td>\n<td>&#8211;<\/td>\n<td>3<\/td>\n<\/tr>\n<tr>\n<td>Uczenie maszynowe<\/td>\n<td>30<\/td>\n<td>&#8211;<\/td>\n<td>30<\/td>\n<td>&#8211;<\/td>\n<td>5<\/td>\n<\/tr>\n<tr>\n<td>Internet Przedmiot\u00f3w w monitorowaniu i wizualizacji proces\u00f3w<\/td>\n<td>30<\/td>\n<td>&#8211;<\/td>\n<td>30<\/td>\n<td>&#8211;<\/td>\n<td>5<\/td>\n<\/tr>\n<tr>\n<td>Nowoczesne technologie informatyczne w zastosowaniach bran\u017cy IT<\/td>\n<td>30<\/td>\n<td>&#8211;<\/td>\n<td>&#8211;<\/td>\n<td>&#8211;<\/td>\n<td>1<\/td>\n<\/tr>\n<tr>\n<td>Scientific &#038; Technical Writing<\/td>\n<td>&#8211;<\/td>\n<td>30<\/td>\n<td>&#8211;<\/td>\n<td>&#8211;<\/td>\n<td>2<\/td>\n<\/tr>\n<tr>\n<td>Seminarium przeddyplomowe<\/td>\n<td>&#8211;<\/td>\n<td><\/td>\n<td>&#8211;<\/td>\n<td>30<\/td>\n<td>2<\/td>\n<\/tr>\n<tr>\n<th>Semestr 3<\/th>\n<th>wyk\u0142ad<\/th>\n<th>\u0107wiczenia<\/th>\n<th>laboratorium<\/th>\n<th>projekt<\/th>\n<th>ECTS<\/th>\n<\/tr>\n<tr>\n<td>Systemy automatycznej identyfikacji<\/td>\n<td>30<\/td>\n<td>&#8211;<\/td>\n<td>30<\/td>\n<td>&#8211;<\/td>\n<td>3<\/td>\n<\/tr>\n<tr>\n<td>Przedmiot obieralny  &#8211; nauki spo\u0142eczne<\/td>\n<td>30<\/td>\n<td>15<\/td>\n<td>&#8211;<\/td>\n<td>&#8211;<\/td>\n<td>3<\/td>\n<\/tr>\n<tr>\n<td>* Marketing i elementy kompetencji mened\u017cerskich<\/td>\n<td><\/td>\n<td><\/td>\n<td><\/td>\n<td><\/td>\n<td><\/td>\n<\/tr>\n<tr>\n<td>* Innowacyjno\u015b\u0107 i kreatywne my\u015blenie<\/td>\n<td><\/td>\n<td><\/td>\n<td><\/td>\n<td><\/td>\n<td><\/td>\n<\/tr>\n<tr>\n<td>Bezpiecze\u0144stwo w Internecie Przedmiot\u00f3w (E)<\/td>\n<td>30<\/td>\n<td>&#8211;<\/td>\n<td>30<\/td>\n<td>&#8211;<\/td>\n<td>3<\/td>\n<\/tr>\n<tr>\n<td>Technologie multimedialne i biometryczne dla Internetu Przedmiot\u00f3w<\/td>\n<td>20<\/td>\n<td>&#8211;<\/td>\n<td>30<\/td>\n<td>&#8211;<\/td>\n<td>2<\/td>\n<\/tr>\n<tr>\n<td>Seminarium dyplomowe<\/td>\n<td>&#8211;<\/td>\n<td><\/td>\n<td>&#8211;<\/td>\n<td>30<\/td>\n<td>2<\/td>\n<\/tr>\n<tr>\n<td>Przygotowanie pracy magisterskiej<\/td>\n<td>&#8211;<\/td>\n<td>&#8211;<\/td>\n<td>&#8211;<\/td>\n<td>60<\/td>\n<td>15<\/td>\n<\/tr>\n<tr>\n<td>(nauki humanistyczne) Komunikacja interpersonalna (Interpersonal Communication)<\/td>\n<td>10<\/td>\n<td>20<\/td>\n<td>&#8211;<\/td>\n<td>&#8211;<\/td>\n<td>2<\/td>\n<\/tr>\n<\/tbody>\n<\/table>\n<p>&nbsp;<br \/>\n<b><a href=\"https:\/\/www.put.poznan.pl\/karty-ects\/20222023\/informatyka\/stacjonarne\/studia-drugiego-stopnia\">SZCZEG\u00d3\u0141OWY OPIS PRZEDMIOT\u00d3W W KARTACH ECTS 2022\/2023<\/a><\/b>\u00a0(dokument na stronie uczelni: www.put.poznan.pl)<\/p>\n<p><b><a href=\"https:\/\/cat.put.poznan.pl\/programy-studiow\">SZCZEG\u00d3\u0141OWY PLAN SPECJALNO\u015aCI<\/a><\/b>\u00a0(dokument na stronie wydzia\u0142u: www.cat.put.poznan.pl).<\/p>\n","protected":false},"excerpt":{"rendered":"<p>Semestr 1 wyk\u0142ad \u0107wiczenia laboratorium projekt ECTS Projektowanie system\u00f3w wbudowanych dla Internetu Przedmiot\u00f3w (E) 15 &#8211; 20 20 5 Projektowanie &hellip; <\/p>\n","protected":false},"author":2,"featured_media":0,"parent":0,"menu_order":0,"comment_status":"closed","ping_status":"closed","template":"","meta":[],"_links":{"self":[{"href":"https:\/\/www.cs.put.poznan.pl\/ip\/wp-json\/wp\/v2\/pages\/72"}],"collection":[{"href":"https:\/\/www.cs.put.poznan.pl\/ip\/wp-json\/wp\/v2\/pages"}],"about":[{"href":"https:\/\/www.cs.put.poznan.pl\/ip\/wp-json\/wp\/v2\/types\/page"}],"author":[{"embeddable":true,"href":"https:\/\/www.cs.put.poznan.pl\/ip\/wp-json\/wp\/v2\/users\/2"}],"replies":[{"embeddable":true,"href":"https:\/\/www.cs.put.poznan.pl\/ip\/wp-json\/wp\/v2\/comments?post=72"}],"version-history":[{"count":26,"href":"https:\/\/www.cs.put.poznan.pl\/ip\/wp-json\/wp\/v2\/pages\/72\/revisions"}],"predecessor-version":[{"id":364,"href":"https:\/\/www.cs.put.poznan.pl\/ip\/wp-json\/wp\/v2\/pages\/72\/revisions\/364"}],"wp:attachment":[{"href":"https:\/\/www.cs.put.poznan.pl\/ip\/wp-json\/wp\/v2\/media?parent=72"}],"curies":[{"name":"wp","href":"https:\/\/api.w.org\/{rel}","templated":true}]}}