{"id":70,"date":"2020-07-27T16:14:15","date_gmt":"2020-07-27T14:14:15","guid":{"rendered":"https:\/\/www.cs.put.poznan.pl\/iwpb\/site\/?page_id=70"},"modified":"2021-04-14T23:59:23","modified_gmt":"2021-04-14T21:59:23","slug":"przedmioty","status":"publish","type":"page","link":"https:\/\/www.cs.put.poznan.pl\/ip\/przedmioty\/","title":{"rendered":"Dla student\u00f3w"},"content":{"rendered":"<div align=\"left\">\n<p><strong><span class=\"title1\">Przydatne informacje<\/span><\/strong><\/p>\n<p>Obs\u0142ug\u0119 student\u00f3w IP realizuje Dziekanat WIiT<\/p>\n<p>Dane kontaktowe Dziekanatu:<\/p>\n<ul>\n<li>tel. 61 665 &#8211; 2295\/3427<\/li>\n<li>e-mail: office_cat@put.poznan.pl<\/li>\n<li>www: www.cat.put.poznan.pl<\/li>\n<li>pok\u00f3j nr 503 (5 pi\u0119tro) w budynku WBMiZ<\/li>\n<\/ul>\n<p><span class=\"title2\">Rozmieszczenie sal dydaktycznych w kampusie Piotrowo:<\/span><\/p>\n<\/div>\n<p>&nbsp;<\/p>\n<table border=\"0\" width=\"100%\" cellspacing=\"0\" cellpadding=\"0\">\n<tbody>\n<tr>\n<td><a href=\"http:\/\/www.cat.put.poznan.pl\/sites\/default\/files\/test\/paulina\/Spis_sal.pdf\">Spis sal dydaktycznych na Wydziale Informatyki i Telekomunikacji<\/a><br \/>\n(dokument na stronie wydzia\u0142u: www.cat.put.poznan.pl)<\/td>\n<\/tr>\n<\/tbody>\n<\/table>\n","protected":false},"excerpt":{"rendered":"<p>Przydatne informacje Obs\u0142ug\u0119 student\u00f3w IP realizuje Dziekanat WIiT Dane kontaktowe Dziekanatu: tel. 61 665 &#8211; 2295\/3427 e-mail: office_cat@put.poznan.pl www: www.cat.put.poznan.pl &hellip; <\/p>\n","protected":false},"author":2,"featured_media":0,"parent":0,"menu_order":0,"comment_status":"closed","ping_status":"closed","template":"","meta":[],"_links":{"self":[{"href":"https:\/\/www.cs.put.poznan.pl\/ip\/wp-json\/wp\/v2\/pages\/70"}],"collection":[{"href":"https:\/\/www.cs.put.poznan.pl\/ip\/wp-json\/wp\/v2\/pages"}],"about":[{"href":"https:\/\/www.cs.put.poznan.pl\/ip\/wp-json\/wp\/v2\/types\/page"}],"author":[{"embeddable":true,"href":"https:\/\/www.cs.put.poznan.pl\/ip\/wp-json\/wp\/v2\/users\/2"}],"replies":[{"embeddable":true,"href":"https:\/\/www.cs.put.poznan.pl\/ip\/wp-json\/wp\/v2\/comments?post=70"}],"version-history":[{"count":4,"href":"https:\/\/www.cs.put.poznan.pl\/ip\/wp-json\/wp\/v2\/pages\/70\/revisions"}],"predecessor-version":[{"id":284,"href":"https:\/\/www.cs.put.poznan.pl\/ip\/wp-json\/wp\/v2\/pages\/70\/revisions\/284"}],"wp:attachment":[{"href":"https:\/\/www.cs.put.poznan.pl\/ip\/wp-json\/wp\/v2\/media?parent=70"}],"curies":[{"name":"wp","href":"https:\/\/api.w.org\/{rel}","templated":true}]}}