{"id":69,"date":"2020-07-27T16:14:15","date_gmt":"2020-07-27T14:14:15","guid":{"rendered":"https:\/\/www.cs.put.poznan.pl\/iwpb\/site\/?page_id=69"},"modified":"2022-12-01T21:38:40","modified_gmt":"2022-12-01T20:38:40","slug":"charakterystyka-specjalnosci","status":"publish","type":"page","link":"https:\/\/www.cs.put.poznan.pl\/ip\/charakterystyka-specjalnosci\/","title":{"rendered":"Charakterystyka specjalno\u015bci"},"content":{"rendered":"<p>Studia na specjalno\u015bci IP trwaj\u0105 trzy semestry. Rozpoczynaj\u0105 si\u0119 na prze\u0142omie lutego i marca, czyli od semestru letniego w danym roku akademickim. Studia ko\u0144cz\u0105 si\u0119 egzaminem dyplomowym i obron\u0105 napisanej przez studenta pracy magisterskiej. Po zako\u0144czeniu studi\u00f3w absolwent ma nadany tytu\u0142 zawodowy magistra informatyki.<\/p>\n<p>Specjalizacja Internet Przedmiot\u00f3w (IP) jest najnowsz\u0105 innowacyjn\u0105 specjalno\u015bci\u0105 na Wydziale Informatyki kszta\u0142c\u0105c\u0105 informatyk\u00f3w dla Internetu Przysz\u0142o\u015bci (ang. Future Internet, FI). Jednym z jego filar\u00f3w jest <strong>Internet Przedmiot\u00f3w<\/strong> (inaczej: Internet Rzeczy, ang. Internet of Things, IoT), czyli taka ewolucja Internetu, w kt\u00f3rej wszelkie obiekty (przedmioty) wyposa\u017cone we wbudowane mikroprocesory i sensory s\u0105 cyfrowo identyfikowalne i mog\u0105 komunikowa\u0107 si\u0119 z innymi tego typu obiektami bez udzia\u0142u cz\u0142owieka (ang. Machine to Machine, M2M) zar\u00f3wno przewodowo jak i bezprzewodowo poprzez globaln\u0105 sie\u0107 internetow\u0105. W ten spos\u00f3b jest mo\u017cliwe inteligentne monitorowanie szeroko rozumianego \u015brodowiska przez urz\u0105dzenia stacjonarne i mobilne oraz zdalne sterowanie jego elementami, takimi jak pojazdy samochodowe, elementy wyposa\u017cenia dom\u00f3w i budynk\u00f3w, urz\u0105dzenia gospodarstwa domowego, maszyny przemys\u0142owe, elementy infrastruktury miast, urz\u0105dzenia monitoruj\u0105ce dzia\u0142anie organizmu ludzi i zwierz\u0105t, zachowania spo\u0142eczne, a nawet nowatorskie instrumenty muzyczne o niespotykanych dot\u0105d interfejsach! Algorytmy rozpoznawania obrazu i d\u017awi\u0119ku pozwalaj\u0105 budowa\u0107 zaawansowane systemy wizyjne i foniczne, marketingowo zwane oczami i uszami przedmiot\u00f3w (ang. Eye of Things, Ear of Things). Ze wzgl\u0119du na r\u00f3\u017cnorodno\u015b\u0107 zastosowa\u0144 konieczne s\u0105 nowe sposoby komunikacji cyfrowej gwarantuj\u0105ce wymian\u0119 informacji \u201ezawsze\u201d, \u201ewsz\u0119dzie\u201d i \u201eze wszystkim\u201d (ang. anytime, anyplace, anything), a tak\u017ce nowe metody zapewnienia bezpiecze\u0144stwa system\u00f3w Internetu Przedmiot\u00f3w i ochrony prywatno\u015bci u\u017cytkownik\u00f3w. Ju\u017c teraz obserwuje si\u0119 w Polsce dynamiczny wzrost rynku M2M i Internetu Przedmiot\u00f3w, kt\u00f3ry prowadzi r\u00f3wnie\u017c do rozwoju nowych form biznesu.<\/p>\n<p>Absolwent specjalno\u015bci IP zdob\u0119dzie wiedz\u0119 i wszechstronne umiej\u0119tno\u015bci niezb\u0119dne w nowej dziedzinie zar\u00f3wno w zakresie podstaw teoretycznych, jak i sprz\u0119towych: od programowania aplikacji dla urz\u0105dze\u0144 mobilnych oraz wsp\u00f3\u0142pracuj\u0105cych z nimi system\u00f3w wbudowanych (ang. embedded systems), czyli specjalizowanych uk\u0142ad\u00f3w mikroprocesorowych, stanowi\u0105cych integraln\u0105 cz\u0119\u015b\u0107 urz\u0105dzenia, poprzez systemy sensor\u00f3w pozwalaj\u0105ce na inteligentne monitorowanie r\u00f3\u017cnorodnych parametr\u00f3w \u015brodowiska, poprzez specyfik\u0119 danych multimedialnych i biometrycznych po protoko\u0142y transmisji w bezprzewodowych sieciach sensorowych oraz bezpiecze\u0144stwo w systemach IP. Pozna inteligentne systemy sterowania oraz sterowniki PLC i spos\u00f3b ich skomunikowania z Internetem. B\u0119dzie potrafi\u0142 skonfigurowa\u0107 sie\u0107 radiow\u0105 i zrealizowa\u0107 transmisj\u0119 nadawczoodbiorcz\u0105. Na uwag\u0119 zas\u0142uguje modu\u0142 kszta\u0142cenia po\u015bwi\u0119cony metodom i narz\u0119dziom informatycznym w systemach (zdalnego) zarz\u0105dzania technicznym wyposa\u017ceniem dom\u00f3w i budynk\u00f3w oraz inteligentnych obiekt\u00f3w budowlanych (Inteligentne domy i budynki). Specjalno\u015b\u0107 nauczy r\u00f3wnie\u017c spojrze\u0107 na Internet Przedmiot\u00f3w od strony nowoczesnych bezprzewodowych sieci komputerowych i zaawansowanych baz danych, kt\u00f3re b\u0119d\u0105 musia\u0142y zarz\u0105dza\u0107 \u201echmurami danych\u201d o niespotykanych dot\u0105d rozmiarach. Studenci zostan\u0105 wi\u0119c zapoznani z podstawami analizy wielkich wolumen\u00f3w danych (ang. Big Data), danych po\u0142\u0105czonych (ang. Linked Data) oraz technologii semantycznych. Modu\u0142y obieralne pozwol\u0105 na dopasowanie programu studi\u00f3w do w\u0142asnych zainteresowa\u0144 student\u00f3w.<\/p>\n<p>W programie specjalno\u015bci po\u0142o\u017cono nacisk na zaj\u0119cia laboratoryjne i projektowe. Studenci b\u0119d\u0105 realizowa\u0107 projekty we wsp\u00f3\u0142pracy z firmami oraz projekty zaproponowane przez siebie, zwi\u0105zane tak\u017ce z w\u0142asnymi zainteresowaniami b\u0105d\u017a prac\u0105 zawodow\u0105. Ka\u017cda z os\u00f3b prowadz\u0105cych zaj\u0119cia specjalizuje si\u0119 w innej dziedzinie informatyki, st\u0105d zakres tematyczny projekt\u00f3w mo\u017cliwych do realizacji jest bardzo du\u017cy: od sterowania systemami przemys\u0142owymi i \u015brodowiskowymi (np. systemy wodno-kanalizacyjne, inteligentne domy i budynki), przez systemy audio i wideo, systemy biometryczne, systemy monitorowania zachowa\u0144 ludzi, po efektywne zarz\u0105dzanie zu\u017cyciem energii elektrycznej.<\/p>\n<p>Pracodawcy coraz cz\u0119\u015bciej poszukuj\u0105 os\u00f3b, kt\u00f3re obok wiedzy specjalistycznej maj\u0105 wysoko rozwini\u0119te kompetencje mi\u0119kkie. St\u0105d w programie specjalno\u015bci IP umieszczono przedmioty, kt\u00f3rych celem jest rozw\u00f3j kreatywno\u015bci, umiej\u0119tno\u015bci marketingowych i pracy w zespole, kszta\u0142towanie kompetencji mened\u017cerskich oraz nauka metod zarz\u0105dzania projektami.<\/p>\n<p>Absolwenci specjalno\u015bci IP b\u0119d\u0105 przygotowani do pracy w firmach programuj\u0105cych systemy wbudowane i mobilne oraz wsz\u0119dzie tam, gdzie dotychczasowe rozwi\u0105zania b\u0119d\u0105 przystosowywane do po\u0142\u0105czenia poprzez Internetu. B\u0119d\u0105 przygotowani do pracy zar\u00f3wno w kraju, jak i zagranic\u0105 oraz do prowadzenia w\u0142asnych firm proponuj\u0105cych nowe rozwi\u0105zania w zakresie Internetu Przedmiot\u00f3w.<\/p>\n<p><b><a href=\"https:\/\/www.put.poznan.pl\/karty-ects\/20222023\/informatyka\/stacjonarne\/studia-drugiego-stopnia\">SZCZEG\u00d3\u0141OWY OPIS PRZEDMIOT\u00d3W W KARTACH ECTS 2022\/2023<\/a><\/b>\u00a0(dokument na stronie uczelni: www.put.poznan.pl)<\/p>\n","protected":false},"excerpt":{"rendered":"<p>Studia na specjalno\u015bci IP trwaj\u0105 trzy semestry. Rozpoczynaj\u0105 si\u0119 na prze\u0142omie lutego i marca, czyli od semestru letniego w danym &hellip; <\/p>\n","protected":false},"author":2,"featured_media":158,"parent":0,"menu_order":0,"comment_status":"closed","ping_status":"closed","template":"","meta":[],"_links":{"self":[{"href":"https:\/\/www.cs.put.poznan.pl\/ip\/wp-json\/wp\/v2\/pages\/69"}],"collection":[{"href":"https:\/\/www.cs.put.poznan.pl\/ip\/wp-json\/wp\/v2\/pages"}],"about":[{"href":"https:\/\/www.cs.put.poznan.pl\/ip\/wp-json\/wp\/v2\/types\/page"}],"author":[{"embeddable":true,"href":"https:\/\/www.cs.put.poznan.pl\/ip\/wp-json\/wp\/v2\/users\/2"}],"replies":[{"embeddable":true,"href":"https:\/\/www.cs.put.poznan.pl\/ip\/wp-json\/wp\/v2\/comments?post=69"}],"version-history":[{"count":9,"href":"https:\/\/www.cs.put.poznan.pl\/ip\/wp-json\/wp\/v2\/pages\/69\/revisions"}],"predecessor-version":[{"id":357,"href":"https:\/\/www.cs.put.poznan.pl\/ip\/wp-json\/wp\/v2\/pages\/69\/revisions\/357"}],"wp:featuredmedia":[{"embeddable":true,"href":"https:\/\/www.cs.put.poznan.pl\/ip\/wp-json\/wp\/v2\/media\/158"}],"wp:attachment":[{"href":"https:\/\/www.cs.put.poznan.pl\/ip\/wp-json\/wp\/v2\/media?parent=69"}],"curies":[{"name":"wp","href":"https:\/\/api.w.org\/{rel}","templated":true}]}}