{"id":149,"date":"2020-07-27T18:33:13","date_gmt":"2020-07-27T16:33:13","guid":{"rendered":"https:\/\/www.cs.put.poznan.pl\/iwpb\/site\/?page_id=149"},"modified":"2021-04-15T00:02:55","modified_gmt":"2021-04-14T22:02:55","slug":"kontakt","status":"publish","type":"page","link":"https:\/\/www.cs.put.poznan.pl\/ip\/kontakt\/","title":{"rendered":"Kontakt"},"content":{"rendered":"<p>dr in\u017c. Ewa \u0141ukasik<br \/>\nPolitechnika Pozna\u0144ska<br \/>\nInstytut Informatyki<br \/>\nul. Piotrowo 2, 60-965 Pozna\u0144<br \/>\npok. 125, budynek: CW<br \/>\nTel: (+48)61-665-2922<br \/>\nFax: (+48)61-877-1525<\/p>\n<p>E-mail:<a href=\"mailto:ewa.lukasik@put.poznan.pl\">ewa.lukasik@put.poznan.pl<\/a><\/p>\n","protected":false},"excerpt":{"rendered":"<p>dr in\u017c. Ewa \u0141ukasik Politechnika Pozna\u0144ska Instytut Informatyki ul. Piotrowo 2, 60-965 Pozna\u0144 pok. 125, budynek: CW Tel: (+48)61-665-2922 Fax: &hellip; <\/p>\n","protected":false},"author":2,"featured_media":0,"parent":0,"menu_order":0,"comment_status":"closed","ping_status":"closed","template":"","meta":[],"_links":{"self":[{"href":"https:\/\/www.cs.put.poznan.pl\/ip\/wp-json\/wp\/v2\/pages\/149"}],"collection":[{"href":"https:\/\/www.cs.put.poznan.pl\/ip\/wp-json\/wp\/v2\/pages"}],"about":[{"href":"https:\/\/www.cs.put.poznan.pl\/ip\/wp-json\/wp\/v2\/types\/page"}],"author":[{"embeddable":true,"href":"https:\/\/www.cs.put.poznan.pl\/ip\/wp-json\/wp\/v2\/users\/2"}],"replies":[{"embeddable":true,"href":"https:\/\/www.cs.put.poznan.pl\/ip\/wp-json\/wp\/v2\/comments?post=149"}],"version-history":[{"count":2,"href":"https:\/\/www.cs.put.poznan.pl\/ip\/wp-json\/wp\/v2\/pages\/149\/revisions"}],"predecessor-version":[{"id":288,"href":"https:\/\/www.cs.put.poznan.pl\/ip\/wp-json\/wp\/v2\/pages\/149\/revisions\/288"}],"wp:attachment":[{"href":"https:\/\/www.cs.put.poznan.pl\/ip\/wp-json\/wp\/v2\/media?parent=149"}],"curies":[{"name":"wp","href":"https:\/\/api.w.org\/{rel}","templated":true}]}}