{"id":141,"date":"2020-07-27T18:25:03","date_gmt":"2020-07-27T16:25:03","guid":{"rendered":"https:\/\/www.cs.put.poznan.pl\/iwpb\/site\/?page_id=141"},"modified":"2021-04-16T17:54:35","modified_gmt":"2021-04-16T15:54:35","slug":"home","status":"publish","type":"page","link":"https:\/\/www.cs.put.poznan.pl\/ip\/","title":{"rendered":"Informacje og\u00f3lne"},"content":{"rendered":"<p>Specjalno\u015b\u0107 Internet Przedmiot\u00f3w (IP) jest prowadzona jako studia stacjonarne II stopnia (magisterskie) na Wydziale Informatyki i Telekomunikacji Politechniki Pozna\u0144skiej. Studia na specjalno\u015bci adresowane s\u0105 g\u0142\u00f3wnie do absolwent\u00f3w zawodowych studi\u00f3w technicznych. Studia ko\u0144cz\u0105 si\u0119 nadaniem tytu\u0142u zawodowego magistra informatyki.<\/p>\n","protected":false},"excerpt":{"rendered":"<p>Specjalno\u015b\u0107 Internet Przedmiot\u00f3w (IP) jest prowadzona jako studia stacjonarne II stopnia (magisterskie) na Wydziale Informatyki i Telekomunikacji Politechniki Pozna\u0144skiej. Studia &hellip; <\/p>\n","protected":false},"author":2,"featured_media":0,"parent":0,"menu_order":0,"comment_status":"closed","ping_status":"closed","template":"","meta":[],"_links":{"self":[{"href":"https:\/\/www.cs.put.poznan.pl\/ip\/wp-json\/wp\/v2\/pages\/141"}],"collection":[{"href":"https:\/\/www.cs.put.poznan.pl\/ip\/wp-json\/wp\/v2\/pages"}],"about":[{"href":"https:\/\/www.cs.put.poznan.pl\/ip\/wp-json\/wp\/v2\/types\/page"}],"author":[{"embeddable":true,"href":"https:\/\/www.cs.put.poznan.pl\/ip\/wp-json\/wp\/v2\/users\/2"}],"replies":[{"embeddable":true,"href":"https:\/\/www.cs.put.poznan.pl\/ip\/wp-json\/wp\/v2\/comments?post=141"}],"version-history":[{"count":5,"href":"https:\/\/www.cs.put.poznan.pl\/ip\/wp-json\/wp\/v2\/pages\/141\/revisions"}],"predecessor-version":[{"id":302,"href":"https:\/\/www.cs.put.poznan.pl\/ip\/wp-json\/wp\/v2\/pages\/141\/revisions\/302"}],"wp:attachment":[{"href":"https:\/\/www.cs.put.poznan.pl\/ip\/wp-json\/wp\/v2\/media?parent=141"}],"curies":[{"name":"wp","href":"https:\/\/api.w.org\/{rel}","templated":true}]}}