{"id":102,"date":"2020-07-27T17:12:38","date_gmt":"2020-07-27T15:12:38","guid":{"rendered":"https:\/\/www.cs.put.poznan.pl\/iwpb\/site\/?page_id=102"},"modified":"2022-12-01T21:54:45","modified_gmt":"2022-12-01T20:54:45","slug":"do-pobrania","status":"publish","type":"page","link":"https:\/\/www.cs.put.poznan.pl\/ip\/do-pobrania\/","title":{"rendered":"Do pobrania"},"content":{"rendered":"<p><b>Dla student\u00f3w specjalno\u015bci IP<\/b><\/p>\n<ul>\n<li><a href=\"http:\/\/www.cat.put.poznan.pl\/sites\/default\/files\/Egzamin%20dyplomowy%20magisterski%20-%20Informatyka_specj_IP_stac_AMiWIP_niest_2017.pdf\">Lista zagadnie\u0144 na egzamin dyplomowy<\/a><\/li>\n<\/ul>\n<p><b>Dla student\u00f3w wydzia\u0142u WIiT<\/b><\/p>\n<ul>\n<li><a href=\"https:\/\/www.cat.put.poznan.pl\/harmonogramy\/wzory-wnioskow-i-domumentow?title=WZORY%20WNIOSK%C3%93W%20I%20DOMUMENT%C3%93W\">Wzory wniosk\u00f3w i dokument\u00f3w<\/a><\/li>\n<li><a href=\"https:\/\/www.cat.put.poznan.pl\/harmonogramy\/wzory-wnioskow-i-domumentow\/wzory-dokumentow-dyplomowych\">Wzory dokument\u00f3w dyplomowych<\/a><\/li>\n<\/ul>\n<p><b>Dla student\u00f3w PP<\/b><\/p>\n<ul>\n<li style=\"list-style-type: none;\"><\/li>\n<li><a href=\"https:\/\/www.put.poznan.pl\/sites\/default\/files\/2021-09\/uchwa-a-nr-42-2020-2024-za%C5%82%C4%85cznik_Regulamin_Studi%C3%B3w.pdf\">Regulamin studi\u00f3w (wa\u017cny od roku akad.2021\/2022)<\/a><\/li>\n<li><a href=\"https:\/\/www.put.poznan.pl\/harmonogram-roku-akademickiego\">Harmonogram aktualnego roku akademickiego (2022\/2023)<\/a><\/li>\n<\/ul>\n<p>&nbsp;<\/p>\n","protected":false},"excerpt":{"rendered":"<p>Dla student\u00f3w specjalno\u015bci IP Lista zagadnie\u0144 na egzamin dyplomowy Dla student\u00f3w wydzia\u0142u WIiT Wzory wniosk\u00f3w i dokument\u00f3w Wzory dokument\u00f3w dyplomowych &hellip; <\/p>\n","protected":false},"author":2,"featured_media":0,"parent":0,"menu_order":0,"comment_status":"closed","ping_status":"closed","template":"","meta":[],"_links":{"self":[{"href":"https:\/\/www.cs.put.poznan.pl\/ip\/wp-json\/wp\/v2\/pages\/102"}],"collection":[{"href":"https:\/\/www.cs.put.poznan.pl\/ip\/wp-json\/wp\/v2\/pages"}],"about":[{"href":"https:\/\/www.cs.put.poznan.pl\/ip\/wp-json\/wp\/v2\/types\/page"}],"author":[{"embeddable":true,"href":"https:\/\/www.cs.put.poznan.pl\/ip\/wp-json\/wp\/v2\/users\/2"}],"replies":[{"embeddable":true,"href":"https:\/\/www.cs.put.poznan.pl\/ip\/wp-json\/wp\/v2\/comments?post=102"}],"version-history":[{"count":8,"href":"https:\/\/www.cs.put.poznan.pl\/ip\/wp-json\/wp\/v2\/pages\/102\/revisions"}],"predecessor-version":[{"id":361,"href":"https:\/\/www.cs.put.poznan.pl\/ip\/wp-json\/wp\/v2\/pages\/102\/revisions\/361"}],"wp:attachment":[{"href":"https:\/\/www.cs.put.poznan.pl\/ip\/wp-json\/wp\/v2\/media?parent=102"}],"curies":[{"name":"wp","href":"https:\/\/api.w.org\/{rel}","templated":true}]}}