{"id":532,"date":"2025-09-29T10:28:16","date_gmt":"2025-09-29T08:28:16","guid":{"rendered":"https:\/\/www.cs.put.poznan.pl\/aantonowicz\/?page_id=532"},"modified":"2025-10-12T16:36:10","modified_gmt":"2025-10-12T14:36:10","slug":"pswiip-projektowanie-systemow-wbudowanych-i-internet-przedmiotow","status":"publish","type":"page","link":"https:\/\/www.cs.put.poznan.pl\/aantonowicz\/pswiip-projektowanie-systemow-wbudowanych-i-internet-przedmiotow\/","title":{"rendered":"[PSWiIP] Projektowanie system\u00f3w wbudowanych i Internet Przedmiot\u00f3w"},"content":{"rendered":"<div class=\"entry-content\">\n<p><strong>Form of studies:\u00a0<\/strong>full-time studies &amp; part-time studies.<br \/>\n<strong>Course description sheet (ECTS):\u00a0<\/strong>link.<br \/>\n<strong>Link to eKursy platform:\u00a0<\/strong><a href=\"https:\/\/ekursy.put.poznan.pl\/course\/view.php?id=20458\">full-time studies.<\/a><br \/>\n<strong>Attendance list &amp; grades: <\/strong><a href=\"https:\/\/ekursy.put.poznan.pl\/pluginfile.php\/2691518\/mod_resource\/content\/13\/psw_n.pdf\">full-time studies.<\/a><\/p>\n<p>The password to the materials will be given at the first class.<\/p>\n<p>&nbsp;<\/p>\n<\/div>\n<p><strong>Lectures [PL]:<\/strong><\/p>\n<ol>\n<li style=\"list-style-type: none;\">\n<ol>\n<li>Wyk\u0142ad wprowadzaj\u0105cy.<\/li>\n<li>Wprowadzenie do IoT i SW.<\/li>\n<li>Podstawy projektowania p\u0142ytek drukowanych.<\/li>\n<li>Projektowanie p\u0142ytek &#8211; od A do Z.<\/li>\n<li>Podstawowe regu\u0142y projektowe.<\/li>\n<li>Trwa\u0142o\u015b\u0107 i dzia\u0142anie obwod\u00f3w drukowanych.<\/li>\n<li>Kontrola wersji i regu\u0142.<\/li>\n<\/ol>\n<\/li>\n<\/ol>\n<div class=\"entry-content\">\n<p><strong>Laboratory exercises [PL]:<\/strong><\/p>\n<ol>\n<li style=\"list-style-type: none;\">\n<ol>\n<li>Telemetria IoT w pa\u015bmie ISM.<\/li>\n<li>Telemetria IoT w pa\u015bmie ISM.<\/li>\n<li>Podstawy projektowania p\u0142ytek drukowanych.<\/li>\n<li>Realizacja nak\u0142adki AudioSHIELD.<\/li>\n<li>Realizacja nak\u0142adki AudioSHIELD.<\/li>\n<li>Realizacja w\u0142asnego projektu PCB.<\/li>\n<li>Realizacja w\u0142asnego projektu PCB.<\/li>\n<li>Realizacja w\u0142asnego projektu PCB.<\/li>\n<\/ol>\n<\/li>\n<\/ol>\n<\/div>\n","protected":false},"excerpt":{"rendered":"<p>Form of studies:\u00a0full-time studies &amp; part-time studies. Course description sheet (ECTS):\u00a0link. Link to eKursy platform:\u00a0full-time studies. Attendance list &amp; grades: full-time studies. The password to the materials will be given at the first class. &nbsp; Lectures [PL]: Wyk\u0142ad wprowadzaj\u0105cy. Wprowadzenie do IoT i SW. Podstawy projektowania p\u0142ytek drukowanych. Projektowanie p\u0142ytek &#8211; od A do Z. &hellip; <a href=\"https:\/\/www.cs.put.poznan.pl\/aantonowicz\/pswiip-projektowanie-systemow-wbudowanych-i-internet-przedmiotow\/\" class=\"more-link\">Czytaj dalej<span class=\"screen-reader-text\"> \u201e[PSWiIP] Projektowanie system\u00f3w wbudowanych i Internet Przedmiot\u00f3w\u201d<\/span><\/a><\/p>\n","protected":false},"author":1,"featured_media":0,"parent":0,"menu_order":0,"comment_status":"closed","ping_status":"closed","template":"","meta":{"footnotes":""},"class_list":["post-532","page","type-page","status-publish","hentry"],"_links":{"self":[{"href":"https:\/\/www.cs.put.poznan.pl\/aantonowicz\/wp-json\/wp\/v2\/pages\/532","targetHints":{"allow":["GET"]}}],"collection":[{"href":"https:\/\/www.cs.put.poznan.pl\/aantonowicz\/wp-json\/wp\/v2\/pages"}],"about":[{"href":"https:\/\/www.cs.put.poznan.pl\/aantonowicz\/wp-json\/wp\/v2\/types\/page"}],"author":[{"embeddable":true,"href":"https:\/\/www.cs.put.poznan.pl\/aantonowicz\/wp-json\/wp\/v2\/users\/1"}],"replies":[{"embeddable":true,"href":"https:\/\/www.cs.put.poznan.pl\/aantonowicz\/wp-json\/wp\/v2\/comments?post=532"}],"version-history":[{"count":7,"href":"https:\/\/www.cs.put.poznan.pl\/aantonowicz\/wp-json\/wp\/v2\/pages\/532\/revisions"}],"predecessor-version":[{"id":632,"href":"https:\/\/www.cs.put.poznan.pl\/aantonowicz\/wp-json\/wp\/v2\/pages\/532\/revisions\/632"}],"wp:attachment":[{"href":"https:\/\/www.cs.put.poznan.pl\/aantonowicz\/wp-json\/wp\/v2\/media?parent=532"}],"curies":[{"name":"wp","href":"https:\/\/api.w.org\/{rel}","templated":true}]}}