{"id":53,"date":"2022-11-21T14:40:50","date_gmt":"2022-11-21T13:40:50","guid":{"rendered":"https:\/\/www.cs.put.poznan.pl\/aantonowicz\/?page_id=53"},"modified":"2024-07-23T14:02:42","modified_gmt":"2024-07-23T12:02:42","slug":"project","status":"publish","type":"page","link":"https:\/\/www.cs.put.poznan.pl\/aantonowicz\/project\/","title":{"rendered":"List of projects"},"content":{"rendered":"<p><span style=\"font-size: 10pt;\"><\/span><\/p>\r\n<p><strong>List of projects [PL]:<\/strong><\/p>\r\n<ul>\r\n<li style=\"list-style-type: none;\">\r\n<ul>\r\n<li style=\"list-style-type: none;\">\r\n<ul>\r\n<li style=\"text-align: justify;\"><span style=\"font-size: 8pt;\"><strong>2024<\/strong>: Projekt &#8222;<strong>Metoda subsegmentacji sieci na przyk\u0142adzie system\u00f3w dystrybucji wody&#8221;\u00a0<\/strong>finansowany w ramach wewn\u0119trznego konkursu dot. wyboru zada\u0144 badawczych realizowanych przez m\u0142odych naukowc\u00f3w &#8222;M\u0142oda kadra&#8221;.<\/span><\/li>\r\n<li style=\"text-align: justify;\"><span style=\"font-size: 8pt;\"><strong>2018<\/strong>: Projekt <strong>&#8222;Waterflow&#8221;<\/strong> finansowany przez Narodowe Centrum Bada\u0144 i Rozwoju (NCBiR) w ramach projektu pn. &#8222;Warunki zaopatrzenia w wod\u0119 do zewn\u0119trzenego gaszenia po\u017car\u00f3w dla budynk\u00f3w, innych obiekt\u00f3w budowlanych i teren\u00f3w&#8221;.<\/span><\/li>\r\n<li style=\"text-align: justify;\"><span style=\"font-size: 8pt;\"><strong>2017: <\/strong>Projekt <strong>&#8222;Asystent eksplatatora oczyszczalni \u015bciek\u00f3w AEOS&#8221;<\/strong> w ramach projektu MNiSW\/2017\/DIR\/42\/II+ pt. &#8222;EkoBioFood &#8211; PLUS PLANTIBOVA PPNT&#8221; w programie MNiSW pn. &#8222;Inkubator Innowacyjno\u015bci+&#8221;.<\/span><\/li>\r\n<li style=\"text-align: justify;\"><span style=\"font-size: 8pt;\"><strong>2015: <\/strong>Projekt <strong>\u201eMobilny system sterowania ma\u0142ymi oczyszczalniami \u015bciek\u00f3w\u201d<\/strong> finansowany ze \u015brodk\u00f3w w ramach programu Inkubator Innowacyjno\u015bci przez Fundacj\u0119 Uniwersytetu im. Adama Mickiewicza w Poznaniu (w okresie od 01.09.2014 r. do 01.06.2015 r.). Wsp\u00f3\u0142praca z Pozna\u0144skim Parkiem Naukowo-Technologicznym.<\/span><\/li>\r\n<li style=\"text-align: justify;\"><span style=\"font-size: 8pt;\"><strong>2015: <\/strong>Projekt <strong>&#8222;Mamut Treatment &#8211; system rewitalizacji staw\u00f3w hodowlanych z grupy akwakultur s\u0142odkowodnych&#8221; <\/strong>finansowany ze \u015brodk\u00f3w w ramach programu Inkubator Innowacyjno\u015bci przez Fundacj\u0119 Uniwersytetu im. Adama Mickiewicza w Poznaniu (w okresie od 01.09.2014 r. do 01.06.2015 r.). Wsp\u00f3\u0142praca z Pozna\u0144skim Parkiem Naukowo-Technologicznym.<\/span><\/li>\r\n<li style=\"text-align: justify;\"><span style=\"font-size: 8pt;\"><strong>2015: <\/strong>Projekt <strong>&#8222;AirLift Treatment &#8211; system oczyszczania i transportu \u015bciek\u00f3w bytowych&#8221; <\/strong>finansowany ze \u015brodk\u00f3w w ramach programu Inkubator Innowacyjno\u015bci przez Fundacj\u0119 Uniwersytetu im. Adama Mickiewicza w Poznaniu (w okresie od 01.09.2014 r. do 01.06.2015 r.). Wsp\u00f3\u0142praca z Pozna\u0144skim Parkiem Naukowo-Technologicznym.<\/span><\/li>\r\n<li style=\"text-align: justify;\"><span style=\"font-size: 8pt;\"><strong>2014:<\/strong> Projekt <strong>&#8222;Internet w Gnie\u017anie na start!&#8221;<\/strong> realizowany w ramach Programu Operacyjnego Innowacyjna Gospodarka. Wniosek uzyska\u0142 dofinansowanie w ramach Europejskiego Funduszu Rozwoju Regionalnego, o\u015b priorytetowa: 8 \u201eSpo\u0142ecze\u0144stwo informacyjna \u2013 zwi\u0119kszenie innowacyjno\u015bci gospodarki\u201d, dzia\u0142anie: 8.3 \u201ePrzeciwdzia\u0142anie wykluczeniu cyfrowemu &#8211; elnclusion\u201d.<\/span><\/li>\r\n<\/ul>\r\n<\/li>\r\n<\/ul>\r\n<\/li>\r\n<\/ul>\r\n<p><span style=\"font-size: 10pt;\"><\/span><\/p>","protected":false},"excerpt":{"rendered":"<p>List of projects [PL]: 2024: Projekt &#8222;Metoda subsegmentacji sieci na przyk\u0142adzie system\u00f3w dystrybucji wody&#8221;\u00a0finansowany w ramach wewn\u0119trznego konkursu dot. wyboru zada\u0144 badawczych realizowanych przez m\u0142odych naukowc\u00f3w &#8222;M\u0142oda kadra&#8221;. 2018: Projekt &#8222;Waterflow&#8221; finansowany przez Narodowe Centrum Bada\u0144 i Rozwoju (NCBiR) w ramach projektu pn. &#8222;Warunki zaopatrzenia w wod\u0119 do zewn\u0119trzenego gaszenia po\u017car\u00f3w dla budynk\u00f3w, innych obiekt\u00f3w &hellip; <a href=\"https:\/\/www.cs.put.poznan.pl\/aantonowicz\/project\/\" class=\"more-link\">Czytaj dalej<span class=\"screen-reader-text\"> \u201eList of projects\u201d<\/span><\/a><\/p>\n","protected":false},"author":1,"featured_media":0,"parent":0,"menu_order":0,"comment_status":"closed","ping_status":"closed","template":"","meta":{"footnotes":""},"class_list":["post-53","page","type-page","status-publish","hentry"],"_links":{"self":[{"href":"https:\/\/www.cs.put.poznan.pl\/aantonowicz\/wp-json\/wp\/v2\/pages\/53","targetHints":{"allow":["GET"]}}],"collection":[{"href":"https:\/\/www.cs.put.poznan.pl\/aantonowicz\/wp-json\/wp\/v2\/pages"}],"about":[{"href":"https:\/\/www.cs.put.poznan.pl\/aantonowicz\/wp-json\/wp\/v2\/types\/page"}],"author":[{"embeddable":true,"href":"https:\/\/www.cs.put.poznan.pl\/aantonowicz\/wp-json\/wp\/v2\/users\/1"}],"replies":[{"embeddable":true,"href":"https:\/\/www.cs.put.poznan.pl\/aantonowicz\/wp-json\/wp\/v2\/comments?post=53"}],"version-history":[{"count":23,"href":"https:\/\/www.cs.put.poznan.pl\/aantonowicz\/wp-json\/wp\/v2\/pages\/53\/revisions"}],"predecessor-version":[{"id":513,"href":"https:\/\/www.cs.put.poznan.pl\/aantonowicz\/wp-json\/wp\/v2\/pages\/53\/revisions\/513"}],"wp:attachment":[{"href":"https:\/\/www.cs.put.poznan.pl\/aantonowicz\/wp-json\/wp\/v2\/media?parent=53"}],"curies":[{"name":"wp","href":"https:\/\/api.w.org\/{rel}","templated":true}]}}