{"id":47,"date":"2022-11-21T14:40:50","date_gmt":"2022-11-21T13:40:50","guid":{"rendered":"https:\/\/www.cs.put.poznan.pl\/aantonowicz\/?page_id=47"},"modified":"2023-11-13T10:42:49","modified_gmt":"2023-11-13T09:42:49","slug":"about-me-2","status":"publish","type":"page","link":"https:\/\/www.cs.put.poznan.pl\/aantonowicz\/about-me-2\/","title":{"rendered":"About me"},"content":{"rendered":"\r\n<figure class=\"wp-block-image size-large is-style-rounded\" style=\"text-align: justify;\"><img loading=\"lazy\" decoding=\"async\" class=\"wp-image-239 alignleft\" src=\"https:\/\/www.cs.put.poznan.pl\/aantonowicz\/wp-content\/uploads\/2022\/11\/Ariel-Antonowicz-993x1024.jpg\" alt=\"\r\n\" width=\"200\" height=\"206\" srcset=\"https:\/\/www.cs.put.poznan.pl\/aantonowicz\/wp-content\/uploads\/2022\/11\/Ariel-Antonowicz-993x1024.jpg 993w, https:\/\/www.cs.put.poznan.pl\/aantonowicz\/wp-content\/uploads\/2022\/11\/Ariel-Antonowicz-291x300.jpg 291w, https:\/\/www.cs.put.poznan.pl\/aantonowicz\/wp-content\/uploads\/2022\/11\/Ariel-Antonowicz-768x792.jpg 768w, https:\/\/www.cs.put.poznan.pl\/aantonowicz\/wp-content\/uploads\/2022\/11\/Ariel-Antonowicz.jpg 1047w\" sizes=\"auto, (max-width: 200px) 85vw, 200px\" \/>\u00a0<\/figure>\r\n<p style=\"text-align: justify;\"><span style=\"font-size: 10pt;\">I am an Assistant Professor <\/span><span style=\"font-size: 10pt;\">in the Institute of Computing Science of the Poznan University of Technology at the Faculty of Computing and Telecommunications. In the years 2007-2011, I attended a class with an IT profile at the Zesp\u00f3\u0142 Szk\u00f3\u0142 Ekonomiczno-Odzie\u017cowych im. Kardyna\u0142a Stefana Wyszy\u0144skiego in Gniezno. In 2011 I obtained the professional title of IT technician. Next (in 2011), I started studying at full-time first-cycle studies at the Pa\u0144stwowa Wy\u017csza Szko\u0142a Zawodowa im. Hipolita Cegielskiego (Computer Science, specialization in Information Systems). In January 2015, I received the title of engineer &#8211; topic of the engineering diploma thesis:<em> The use of embedded systems for control and visualization of the water treatment process<\/em>. The engineering diploma thesis met with recognition by the authorities of the Institute. In March 2015, I started studying full-time second-cycle studies at Poznan University of Technology (Computer Science field of study), becoming a student of the newly created specialization Mobile and Embedded Applications for the Internet of Things. In June 2016 I defended with honors my master&#8217;s thesis on: <em>Control system of biodegradation contaminants processes in the aquatic environment<\/em>, obtaining a title of master of engineering. <\/span><span style=\"font-size: 10pt;\">During my master&#8217;s studies, I simultaneously pursued a study programme postgraduate Przygotowanie edukacyjne do nauczania przedmiot\u00f3w og\u00f3lnych i techniczno-zawodowych at the Postgraduate Pedagogical Study of the Pozna\u0144 University of Technology. During my studies, I was working on <\/span><span style=\"font-size: 10pt;\">the issue of Assessing the awareness of young people in the field network security. In 2016 I started my Ph.D. studies in automation, electronic, electrical engineering and space technologies under the supervision of Prof. Andrzej Urbaniak. The thesis title is <em>Decision support algorithms in the field of repair actions on the example of the Water Distribution System<\/em>. I defended my doctoral thesis in July 2023, and received the title of doctor of engineering and technical sciences in September 2023.<\/span><\/p>\r\n\r\n\r\n\r\n\r\n\r\n<p style=\"text-align: justify;\"><span style=\"font-size: 10pt;\">Currently, I give lectures on <em>embedded systems, sensors and wireless sensor networks, microcontrollers in practice, and designing mobile and web applications<\/em>. My research interests include: <\/span><span style=\"font-size: 10pt;\">optimal control, analysis and synthesis of control algorithms, modeling and control of water and sewage facilities, design and implementation of embedded systems, artificial intelligence algorithms in environmental engineering, optimization, and expert systems.<\/span><\/p>\r\n<p><span style=\"font-size: 10pt;\"><strong>My hobbys:<\/strong> music, electronics, travelling, cinematography and photograpy.<\/span><\/p>\r\n<p>&nbsp;<\/p>\r\n","protected":false},"excerpt":{"rendered":"<p>\u00a0 I am an Assistant Professor in the Institute of Computing Science of the Poznan University of Technology at the Faculty of Computing and Telecommunications. In the years 2007-2011, I attended a class with an IT profile at the Zesp\u00f3\u0142 Szk\u00f3\u0142 Ekonomiczno-Odzie\u017cowych im. Kardyna\u0142a Stefana Wyszy\u0144skiego in Gniezno. In 2011 I obtained the professional title &hellip; <a href=\"https:\/\/www.cs.put.poznan.pl\/aantonowicz\/about-me-2\/\" class=\"more-link\">Czytaj dalej<span class=\"screen-reader-text\"> \u201eAbout me\u201d<\/span><\/a><\/p>\n","protected":false},"author":1,"featured_media":0,"parent":0,"menu_order":0,"comment_status":"closed","ping_status":"closed","template":"","meta":{"footnotes":""},"class_list":["post-47","page","type-page","status-publish","hentry"],"_links":{"self":[{"href":"https:\/\/www.cs.put.poznan.pl\/aantonowicz\/wp-json\/wp\/v2\/pages\/47","targetHints":{"allow":["GET"]}}],"collection":[{"href":"https:\/\/www.cs.put.poznan.pl\/aantonowicz\/wp-json\/wp\/v2\/pages"}],"about":[{"href":"https:\/\/www.cs.put.poznan.pl\/aantonowicz\/wp-json\/wp\/v2\/types\/page"}],"author":[{"embeddable":true,"href":"https:\/\/www.cs.put.poznan.pl\/aantonowicz\/wp-json\/wp\/v2\/users\/1"}],"replies":[{"embeddable":true,"href":"https:\/\/www.cs.put.poznan.pl\/aantonowicz\/wp-json\/wp\/v2\/comments?post=47"}],"version-history":[{"count":17,"href":"https:\/\/www.cs.put.poznan.pl\/aantonowicz\/wp-json\/wp\/v2\/pages\/47\/revisions"}],"predecessor-version":[{"id":487,"href":"https:\/\/www.cs.put.poznan.pl\/aantonowicz\/wp-json\/wp\/v2\/pages\/47\/revisions\/487"}],"wp:attachment":[{"href":"https:\/\/www.cs.put.poznan.pl\/aantonowicz\/wp-json\/wp\/v2\/media?parent=47"}],"curies":[{"name":"wp","href":"https:\/\/api.w.org\/{rel}","templated":true}]}}