{"id":219,"date":"2022-11-21T17:37:40","date_gmt":"2022-11-21T16:37:40","guid":{"rendered":"https:\/\/www.cs.put.poznan.pl\/aantonowicz\/?page_id=219"},"modified":"2026-02-21T09:44:55","modified_gmt":"2026-02-21T08:44:55","slug":"engineering-theses","status":"publish","type":"page","link":"https:\/\/www.cs.put.poznan.pl\/aantonowicz\/engineering-theses\/","title":{"rendered":"Engineering theses"},"content":{"rendered":"\r\n<p class=\"has-small-font-size\" style=\"margin: 0em; text-align: justify;\"><span style=\"font-size: 14pt;\"><strong>Engineering diploma thesis <strong><strong>proposal<\/strong><\/strong>:<\/strong><\/span><\/p>\r\n<ol style=\"text-align: justify;\">\r\n<li style=\"list-style-type: none;\">\r\n<ol>\r\n<li style=\"list-style-type: none;\">\r\n<ol>\r\n<li><span style=\"font-size: 8pt;\"><strong>[Reserved]<\/strong> BrewControl \u2013 system monitorowania i sterowania procesem warzenia piwa.<\/span><\/li>\r\n<li><span style=\"font-size: 8pt;\"><strong>[Reserved] <\/strong>InCircle \u2013 system lokalizacji os\u00f3b z wykorzystaniem modu\u0142u GPS oraz aplikacji mobilnej z funkcj\u0105 geostref i powiadomie\u0144.<\/span><\/li>\r\n<li><span style=\"font-size: 8pt;\"><strong>[Reserved] <\/strong>MeshSense \u2013 system monitorowania i zarz\u0105dzania sieci\u0105 czujnik\u00f3w IoT w topologii mesh z aktualizacj\u0105 OTA.<\/span><\/li>\r\n<li><span style=\"font-size: 8pt;\"><strong>[Reserved] <\/strong>ModuPlay \u2013 przeno\u015bna konsola modu\u0142owa z konfigurowalnymi elementami steruj\u0105cymi.<\/span><\/li>\r\n<li><span style=\"font-size: 8pt;\"><strong>[Reserved] <\/strong>DriveLog &#8211; system monitorowania floty pojazd\u00f3w z rejestracj\u0105 czasu pracy kierowc\u00f3w.<\/span><\/li>\r\n<li><span style=\"font-size: 8pt;\"><strong>[Reserved] <\/strong>WebCar \u2013 internetowy system sterowania i monitorowania wielofunkcyjnego pojazdu mobilnego IoT.<\/span><\/li>\r\n<li><span style=\"font-size: 8pt;\"><strong>[Reserved]<\/strong> RescueVision \u2013 system wizyjno-pomiarowy wspomagaj\u0105cy dzia\u0142ania stra\u017cak\u00f3w w warunkach ograniczonej widoczno\u015bci.<strong><br \/><\/strong><\/span><\/li>\r\n<li><span style=\"font-size: 8pt;\"><strong>[Reserved] <\/strong>HybridBox &#8211; modu\u0142owy system automat\u00f3w paczkowych z rozszerzon\u0105 funkcjonalno\u015bci\u0105 przechowywania \u017cywno\u015bci.<\/span><\/li>\r\n<li><span style=\"font-size: 8pt; color: #339966;\"><strong>[Available] <\/strong>Aplikacja wspomagaj\u0105ca codzienne funkcjonowanie os\u00f3b z insulinooporno\u015bci\u0105 i cukrzyc\u0105.<br \/><\/span><\/li>\r\n<li><span style=\"font-size: 8pt; color: #339966;\"><strong>[Available] <\/strong>Zintegrowany system generowania i wizualizacji syntetycznych modeli sieci wodoci\u0105gowych z wykorzystaniem technologii webowych.<\/span><\/li>\r\n<li><strong><span style=\"font-size: 8pt; color: #339966;\">[Available] Masz w\u0142asny temat &#8211; napisz.<\/span><\/strong><\/li>\r\n<\/ol>\r\n<\/li>\r\n<\/ol>\r\n<\/li>\r\n<\/ol>\r\n\r\n\r\n\r\n<ol class=\"wp-block-list\" style=\"font-size: 12px; text-align: justify;\">\r\n\r\n\r\n\r\n\r\n\r\n<\/ol>\r\n\r\n\r\n<hr class=\"wp-block-separator has-alpha-channel-opacity\" \/>\r\n\r\n\r\n<p style=\"text-align: justify;\"><span style=\"font-size: 14pt;\"><strong>Completed engineering diploma theses <\/strong>(role: supervisor \/ supporting supervisor):<\/span><\/p>\r\n<ul style=\"text-align: justify;\">\r\n<li style=\"list-style-type: none;\">\r\n<ul>\r\n<li style=\"list-style-type: none;\">\r\n<ul>\r\n<li><span style=\"font-size: 8pt;\"><em>EyeHome &#8211; Okulograficzny system sterowania urz\u0105dzeniami IoT<\/em> \/ WIiT \/ <span class=\"publication__author\"><strong>sup. A. Antonowicz<\/strong>, rev. P. Zakrzewski, 2026<\/span><\/span><\/li>\r\n<li><span style=\"font-size: 8pt;\"><em>MystiCast \u2013 system nauki zakl\u0119\u0107 oparty na analizie ruchu r\u00f3\u017cd\u017ck\u0105 z wykorzystaniem IMU<\/em> \/ WIiT \/ <span class=\"publication__author\"><strong>sup. A. Antonowicz<\/strong>, rev. P. Zakrzewski, 2026<\/span><\/span><\/li>\r\n<li><span style=\"font-size: 8pt;\"><em>SmartVend \u2013 inteligentny system monitorowania i zarz\u0105dzania automatami vendingowymi<\/em> \/ WIiT \/ <span class=\"publication__author\"><strong>sup. A. Antonowicz<\/strong>, rev. P. Zakrzewski, 2025<\/span><\/span><\/li>\r\n<li><span style=\"font-size: 8pt;\"><em>IoTLab \u2013 platforma do zarz\u0105dzania laboratorium dydaktycznym z systemem rezerwacji i inwentaryzacji sprz\u0119tu<\/em> \/ WIiT \/ <span class=\"publication__author\"><strong>sup. A. Antonowicz<\/strong>, rev. P. Zakrzewski, 2025<\/span><\/span><\/li>\r\n<li><span style=\"font-size: 8pt;\"><em>System zarz\u0105dzania parkowaniem z automatycznym wykrywaniem stref i obs\u0142ug\u0105 p\u0142atno\u015bci<\/em> \/ WIiT \/ <span class=\"publication__author\"><strong>sup. A. Antonowicz<\/strong>, rev. P. Zakrzewski, 2025<\/span><\/span><\/li>\r\n<li><span style=\"font-size: 8pt;\">S<em>ystem zarz\u0105dzania kontrolowanymi \u015brodowiskami hodowlanymi <\/em>\/ WIiT \/ <span class=\"publication__author\"><strong>sup. A. Antonowicz<\/strong>, rev. P. Zakrzewski, 2025<\/span><\/span><\/li>\r\n<li><span style=\"font-size: 8pt;\"><em>MAJK &#8211; Inteligentny system dystrybucji lek\u00f3w <\/em>\/ WIiT \/ <span class=\"publication__author\"><strong>sup. A. Antonowicz<\/strong>, rev. P. Zakrzewski, 2025<\/span><\/span><\/li>\r\n<li><span style=\"font-size: 8pt;\"><em>Scan Ventor- system wspomagaj\u0105cy proces inwentaryzacji<\/em>\u00a0<span class=\"publication__author\">\/ WIiT \/<strong>sup. A. Antonowicz<\/strong>, rev. P. Zakrzewski, 2024<\/span><\/span><\/li>\r\n<li><span style=\"font-size: 8pt;\"><em>PulseLab-system IoT do monitorowania i nadzorowania laboratorium dydaktycznego<\/em>\u00a0<span class=\"publication__author\">\/ WIiT \/<strong>sup. A. Antonowicz<\/strong>, rev. P. Zakrzewski, 2024<\/span><\/span><\/li>\r\n<li><span style=\"font-size: 8pt;\"><em>eCollector-system wspomagaj\u0105cy kolekcjoner\u00f3w kart telefonicznych<\/em>\u00a0<span class=\"publication__author\">\/ WIiT \/ <strong>sup. A. Antonowicz<\/strong>, rev. P. Zakrzewski, 2024<\/span><\/span><\/li>\r\n<li><span style=\"font-size: 8pt;\"><em>Foto360 &#8211; system do tworzenia fotografii produktowej 360 stopni<\/em>\u00a0<span class=\"publication__author\">\/ WIiT \/ <strong>sup. A. Antonowicz<\/strong>, rev. P. Zakrzewski, 2024<\/span><\/span><\/li>\r\n<li><span style=\"font-size: 8pt;\"><em>RoboBarman &#8211; system ekspercki wspomagaj\u0105cy prac\u0119 barmana<\/em>\u00a0<span class=\"publication__author\">\/ WIiT \/ sup. A. Urbaniak, <strong>support. sup. A. Antonowicz, <\/strong>rev. M. Nowak, 2023<\/span><\/span><\/li>\r\n<li><span style=\"font-size: 8pt;\"><em>Translacja alfabetu palcowego za pomoc\u0105 jednostek nawigacji inercyjnej<\/em>\u00a0<span class=\"publication__author\">\/ WIiT \/ sup. A. Urbaniak, <strong>support. sup. A. Antonowicz,<\/strong> rev. E. \u0141ukasik, 2023<\/span><\/span><\/li>\r\n<li><span style=\"font-size: 8pt;\"><em>Monitorowanie sieci wodoci\u0105gowej pod k\u0105tem bezpiecze\u0144stwa wody<\/em>\u00a0<span class=\"publication__author\">\/ WI \/ sup. A. Urbaniak, <strong>support. sup. A. Antonowicz<\/strong>. P. Zakrzewski, 2019<\/span><\/span><\/li>\r\n<\/ul>\r\n<\/li>\r\n<\/ul>\r\n<\/li>\r\n<\/ul>\r\n<p style=\"text-align: justify;\"><span style=\"font-size: 14pt;\"><strong>Engineering diploma theses <\/strong>(role: reviewer):<\/span><\/p>\r\n<ul style=\"text-align: justify;\">\r\n<li style=\"list-style-type: none;\">\r\n<ul>\r\n<li style=\"list-style-type: none;\">\r\n<ul>\r\n<li><span style=\"font-size: 8pt;\"><span class=\"publication__author\"><em>Przetwarzanie j\u0119zyka naturalnego w celu sterowania aplikacj\u0105 webow\u0105 Moje Konie<\/em> \/ WIiT \/ sup. J. Potoniec, <strong>rev. A. Antonowicz<\/strong>, 2026<\/span><\/span><\/li>\r\n<li><span style=\"font-size: 8pt;\"><span class=\"publication__author\"><em>System szeregowania zada\u0144 w rzeczywistym \u015brodowisku produkcyjnym<\/em> \/ WIiT \/ sup. R. R\u00f3\u017cycki , <strong>rev. A. Antonowicz<\/strong>, 2026<\/span><\/span><\/li>\r\n<li><span style=\"font-size: 8pt;\"><span class=\"publication__author\"><em>Algorytm dok\u0142adny dla odkrywania modeli programowania matematycznego w j\u0119zyku MiniZinc<\/em> \/ WIiT \/ sup. T. Pawlak , <strong>rev. A. Antonowicz<\/strong>, 2026<\/span><\/span><\/li>\r\n<li><span style=\"font-size: 8pt;\"><span class=\"publication__author\">Aplikacja wspomagaj\u0105ca prac\u0119 schroniska dla zwierz\u0105t \/ WIiT \/ sup. A. Meissner , <strong>rev. A. Antonowicz<\/strong>, 2026<\/span><\/span><\/li>\r\n<li><em><span style=\"font-size: 8pt;\">Aplikacja mobilna wspieraj\u0105ca eksploatacj\u0119 samochodu osobowego<\/span><\/em> <span style=\"font-size: 8pt;\"><span class=\"publication__author\">\/ WIiT \/ sup. M. Mika, <strong>rev. A. Antonowicz<\/strong>, 2025<\/span><\/span><\/li>\r\n<li><span style=\"font-size: 8pt;\"><em>Eksploracja okolicy wspierana aplikacj\u0105 mobiln\u0105<\/em><\/span> <span style=\"font-size: 8pt;\"><span class=\"publication__author\">\/ WIiT \/ sup. M. Mika, <strong>rev. A. Antonowicz<\/strong>, 2025<\/span><\/span><\/li>\r\n<li><span style=\"font-size: 8pt;\"><em>System gromadzenia i przetwarzania danych w Fabryce 4.0<\/em><\/span> <span style=\"font-size: 8pt;\"><span class=\"publication__author\">\/ WIiT \/ sup. P. Zakrzewski, <strong>rev. A. Antonowicz<\/strong>, 2025<\/span><\/span><\/li>\r\n<li><em><span style=\"font-size: 8pt;\">Sprz\u0119towy generator liczb losowych wykorzystuj\u0105cy rzuty ko\u015bci\u0105<\/span> <\/em><span style=\"font-size: 8pt;\"><span class=\"publication__author\">\/ WIiT \/ sup. J. Potoniec, <strong>rev. A. Antonowicz<\/strong>, 2025<\/span><\/span><\/li>\r\n<li><em><span style=\"font-size: 8pt;\">Aplikacja mobilna do ekstrakcji plik\u00f3w PGN z opis\u00f3w partii szachowych<\/span><\/em> <span style=\"font-size: 8pt;\"><span class=\"publication__author\">\/ WIiT \/ sup. J. Potoniec, <strong>rev. A. Antonowicz<\/strong>, 2025<\/span><\/span><\/li>\r\n<li><span style=\"font-size: 8pt;\"><em>Por\u00f3wnanie algorytm\u00f3w wizji komputerowej w warunkach syntetycznych i produkcyjnych<\/em>\u00a0<span class=\"publication__author\">\/ WIiT \/ sup. D. Wi\u015bniewski, <strong>rev. A. Antonowicz<\/strong>, 2024<\/span><\/span><\/li>\r\n<li><span style=\"font-size: 8pt;\"><em>Zintegrowany system zarz\u0105dzania namiotem uprawowym\u00a0<\/em><span class=\"publication__author\">\/ WIiT \/ sup. P. Zakrzewski, <strong>rev. A. Antonowicz<\/strong>, 2024<\/span><\/span><\/li>\r\n<\/ul>\r\n<\/li>\r\n<\/ul>\r\n<\/li>\r\n<\/ul>\r\n","protected":false},"excerpt":{"rendered":"<p>Engineering diploma thesis proposal: [Reserved] BrewControl \u2013 system monitorowania i sterowania procesem warzenia piwa. [Reserved] InCircle \u2013 system lokalizacji os\u00f3b z wykorzystaniem modu\u0142u GPS oraz aplikacji mobilnej z funkcj\u0105 geostref i powiadomie\u0144. [Reserved] MeshSense \u2013 system monitorowania i zarz\u0105dzania sieci\u0105 czujnik\u00f3w IoT w topologii mesh z aktualizacj\u0105 OTA. [Reserved] ModuPlay \u2013 przeno\u015bna konsola modu\u0142owa z &hellip; <a href=\"https:\/\/www.cs.put.poznan.pl\/aantonowicz\/engineering-theses\/\" class=\"more-link\">Czytaj dalej<span class=\"screen-reader-text\"> \u201eEngineering theses\u201d<\/span><\/a><\/p>\n","protected":false},"author":1,"featured_media":0,"parent":0,"menu_order":0,"comment_status":"closed","ping_status":"closed","template":"","meta":{"footnotes":""},"class_list":["post-219","page","type-page","status-publish","hentry"],"_links":{"self":[{"href":"https:\/\/www.cs.put.poznan.pl\/aantonowicz\/wp-json\/wp\/v2\/pages\/219","targetHints":{"allow":["GET"]}}],"collection":[{"href":"https:\/\/www.cs.put.poznan.pl\/aantonowicz\/wp-json\/wp\/v2\/pages"}],"about":[{"href":"https:\/\/www.cs.put.poznan.pl\/aantonowicz\/wp-json\/wp\/v2\/types\/page"}],"author":[{"embeddable":true,"href":"https:\/\/www.cs.put.poznan.pl\/aantonowicz\/wp-json\/wp\/v2\/users\/1"}],"replies":[{"embeddable":true,"href":"https:\/\/www.cs.put.poznan.pl\/aantonowicz\/wp-json\/wp\/v2\/comments?post=219"}],"version-history":[{"count":54,"href":"https:\/\/www.cs.put.poznan.pl\/aantonowicz\/wp-json\/wp\/v2\/pages\/219\/revisions"}],"predecessor-version":[{"id":665,"href":"https:\/\/www.cs.put.poznan.pl\/aantonowicz\/wp-json\/wp\/v2\/pages\/219\/revisions\/665"}],"wp:attachment":[{"href":"https:\/\/www.cs.put.poznan.pl\/aantonowicz\/wp-json\/wp\/v2\/media?parent=219"}],"curies":[{"name":"wp","href":"https:\/\/api.w.org\/{rel}","templated":true}]}}