{"id":218,"date":"2022-11-21T17:37:40","date_gmt":"2022-11-21T16:37:40","guid":{"rendered":"https:\/\/www.cs.put.poznan.pl\/aantonowicz\/?page_id=218"},"modified":"2026-02-01T11:30:01","modified_gmt":"2026-02-01T10:30:01","slug":"masters-theses","status":"publish","type":"page","link":"https:\/\/www.cs.put.poznan.pl\/aantonowicz\/masters-theses\/","title":{"rendered":"Masters theses"},"content":{"rendered":"\r\n<p class=\"has-small-font-size\" style=\"margin: 0em; text-align: justify;\"><span style=\"font-size: 14pt;\"><strong><strong>Master diploma thesis proposal:<\/strong><\/strong><\/span><\/p>\r\n<ol style=\"text-align: justify;\">\r\n<li style=\"list-style-type: none;\">\r\n<ol>\r\n<li style=\"text-align: justify;\"><span style=\"font-size: 8pt;\"><strong>[Reserved] <\/strong>Wykorzystanie metod uczenia maszynowego do detekcji anomalii w systemach dystrybucji wody.<\/span><\/li>\r\n<li><span style=\"font-size: 8pt;\"><strong>[Reserved] <\/strong>Por\u00f3wnanie wska\u017anik\u00f3w efektywno\u015bci hydraulicznej dla r\u00f3\u017cnych wariant\u00f3w modernizacji sieci.<\/span><\/li>\r\n<li><span style=\"font-size: 8pt;\"><strong>[Reserved] <\/strong>Analiza i poprawa efektywno\u015bci energetycznej urz\u0105dze\u0144 IoT.<\/span><\/li>\r\n<li><span style=\"font-size: 8pt; color: #339966;\"><strong>[Available] <\/strong>Analiza niezawodno\u015bci sieci wodoci\u0105gowej z wykorzystaniem symulacji Monte Carlo i modelu EPANET.<\/span><\/li>\r\n<li><span style=\"font-size: 8pt; color: #339966;\"><strong>[Available] <\/strong>Poprawa efektywno\u015bci pracy pomp systemu dystrybucji wody pod k\u0105tem zu\u017cycia energii.<\/span><\/li>\r\n<li><strong><span style=\"font-size: 8pt; color: #339966;\">[Available] Masz w\u0142asny temat &#8211; napisz.<\/span><\/strong><\/li>\r\n<\/ol>\r\n<\/li>\r\n<\/ol>\r\n\r\n\r\n\r\n<ol class=\"wp-block-list\" style=\"font-size: 12px; text-align: justify;\">\r\n\r\n<\/ol>\r\n\r\n\r\n<hr class=\"wp-block-separator has-alpha-channel-opacity\" \/>\r\n\r\n\r\n<p style=\"text-align: justify;\"><span style=\"font-size: 14pt;\"><strong>Completed master diploma theses <\/strong>(role: supervisor \/ supporting supervisor)<strong>:<\/strong><\/span><\/p>\r\n<ul style=\"text-align: justify;\">\r\n<li style=\"list-style-type: none;\">\r\n<ul>\r\n<li style=\"list-style-type: none;\">\r\n<ul>\r\n<li><span style=\"font-size: 8pt;\"><em>Analiza wybranych wektor\u00f3w ataku dla infrastruktury przemys\u0142owej na podstawie system\u00f3w dystrybucji wody<\/em> <span class=\"publication__author\">\/ WIiT \/ <strong>sup. A. Antonowicz<\/strong>, support. sup. M. Leszek, rev. A. Urbaniak, 2025<\/span><\/span><\/li>\r\n<li><span style=\"font-size: 8pt;\"><em>Poprawa efektywno\u015bci energetycznej na podstawie przyk\u0142adowego procesu produkcyjnego w zak\u0142adzie przemys\u0142u spo\u017cywczego <\/em><span class=\"publication__author\">\/ WIiT \/ <strong>sup. A. Antonowicz<\/strong>, rev. A. Urbaniak, 2025<\/span><\/span><\/li>\r\n<li><span style=\"font-size: 8pt;\"><em>Algorytm modyfikacji sieci wodoci\u0105gowej w celu minimalizacji wieku wody<\/em>\u00a0<span class=\"publication__author\">\/ WIiT \/ <strong>sup. A. Antonowicz<\/strong>, rev. A. Urbaniak, 2024<\/span><\/span><\/li>\r\n<li><em><span style=\"font-size: 8pt;\">Algorytm selekcji zasuw do zamkni\u0119cia w systemach dystrybucji wody w sytuacji wyst\u0105pienia ska\u017cenia<\/span><\/em>\u00a0<span class=\"publication__author\" style=\"font-size: 8pt;\">\/ WIiT \/ <strong>sup. A. Antonowicz<\/strong>, rev. A. Urbaniak, 2024<\/span><\/li>\r\n<li><span style=\"font-size: 8pt;\"><em>Wykorzystanie bada\u0144 symulacyjnych do analizy bezpiecze\u0144stwa system\u00f3w wodoci\u0105gowych w sytuacji wyst\u0105pienia ska\u017cenia<\/em>\u00a0<span class=\"publication__author\">\/ WIiT \/ <strong>sup. A. Antonowicz<\/strong>, rev. A. Urbaniak, 2024<\/span><\/span><\/li>\r\n<li style=\"text-align: justify;\"><span style=\"font-size: 8pt;\"><em>Wp\u0142yw danych wej\u015bciowych na efektywno\u015b\u0107 dost\u0119pnych algorytm\u00f3w rozpoznawania obrazu w procesie uk\u0142adania puzzli\u00a0<\/em><span class=\"publication__author\">\/ WIiT \/<strong> sup. A. Antonowicz<\/strong>, rev. A. Urbaniak, 2024<\/span><\/span><\/li>\r\n<li style=\"text-align: justify;\"><span style=\"font-size: 8pt;\"><em>Analiza bezpiecze\u0144stwa system\u00f3w Automotive\u00a0<\/em><span class=\"publication__author\">\/ WIiT \/ sup. J. Potoniec, <strong>support. sup. A. Antonowicz<\/strong>, rev. A. Urbaniak, 2023<\/span><\/span><\/li>\r\n<li style=\"text-align: justify;\"><span style=\"font-size: 8pt;\"><em>Analiza bezpiecze\u0144stwa wybranych protoko\u0142\u00f3w IoT<\/em>\u00a0<span class=\"publication__author\">\/ WIiT \/ sup. A. Urbaniak, <strong>support. sup. A. Antonowicz<\/strong>, rev. J. Potoniec, 2023<\/span><\/span><\/li>\r\n<li><span style=\"font-size: 8pt;\"><em>Algorytm szeregowania zada\u0144 ekip naprawczych w Inteligentnym Mie\u015bcie<\/em>\u00a0<span class=\"publication__author\">\/ WIiT \/ sup. A. Urbaniak, <strong>support. sup. A. Antonowicz<\/strong>, rev. P. Zakrzewski, 2021<\/span><\/span><\/li>\r\n<\/ul>\r\n<\/li>\r\n<\/ul>\r\n<\/li>\r\n<\/ul>\r\n<p style=\"text-align: justify;\"><span style=\"font-size: 14pt;\"><strong>Master diploma theses <\/strong>(role: reviewer):<\/span><\/p>\r\n<ul style=\"text-align: justify;\">\r\n<li style=\"list-style-type: none;\">\r\n<ul>\r\n<li style=\"list-style-type: none;\">\r\n<ul>\r\n<li><span style=\"font-size: 8pt;\"><em>Zastosowanie sztucznych sieci neuronowych do rozpoznawania ro\u015blin doniczkowych w aplikacji mobilnej<\/em> <span class=\"publication__author\">\/ WIiT \/ sup. M. Mika, <strong>rev. A. Antonowicz<\/strong>, 2025.<\/span><\/span><\/li>\r\n<li><span style=\"font-size: 8pt;\"><em>Optymalizacja rozmieszczenia obiekt\u00f3w w grze Forge of Empires<\/em> <span class=\"publication__author\">\/ WIiT \/ sup. M. Mika, <strong>rev. A. Antonowicz<\/strong>, 2025.<\/span><\/span><\/li>\r\n<li><span style=\"font-size: 8pt;\"><em>Automatyzacja proces\u00f3w synchronizacji to\u017csamo\u015bci u\u017cytkownik\u00f3w Politechniki Pozna\u0144skiej. Por\u00f3wnanie system\u00f3w kolejkowych oraz implementacja systemowa<\/em>\u00a0<span class=\"publication__author\">\/ WIiT \/ sup. J.\u00a0 J\u00f3zefowska, <strong>rev. A. Antonowicz<\/strong>, 2024.<\/span><\/span><\/li>\r\n<\/ul>\r\n<\/li>\r\n<\/ul>\r\n<\/li>\r\n<\/ul>\r\n\r\n\r\n\r\n<ol class=\"wp-block-list\" style=\"font-size: 12px; text-align: justify;\"><\/ol>\r\n","protected":false},"excerpt":{"rendered":"<p>Master diploma thesis proposal: [Reserved] Wykorzystanie metod uczenia maszynowego do detekcji anomalii w systemach dystrybucji wody. [Reserved] Por\u00f3wnanie wska\u017anik\u00f3w efektywno\u015bci hydraulicznej dla r\u00f3\u017cnych wariant\u00f3w modernizacji sieci. [Reserved] Analiza i poprawa efektywno\u015bci energetycznej urz\u0105dze\u0144 IoT. [Available] Analiza niezawodno\u015bci sieci wodoci\u0105gowej z wykorzystaniem symulacji Monte Carlo i modelu EPANET. [Available] Poprawa efektywno\u015bci pracy pomp systemu dystrybucji wody &hellip; <a href=\"https:\/\/www.cs.put.poznan.pl\/aantonowicz\/masters-theses\/\" class=\"more-link\">Czytaj dalej<span class=\"screen-reader-text\"> \u201eMasters theses\u201d<\/span><\/a><\/p>\n","protected":false},"author":1,"featured_media":0,"parent":0,"menu_order":0,"comment_status":"closed","ping_status":"closed","template":"","meta":{"footnotes":""},"class_list":["post-218","page","type-page","status-publish","hentry"],"_links":{"self":[{"href":"https:\/\/www.cs.put.poznan.pl\/aantonowicz\/wp-json\/wp\/v2\/pages\/218","targetHints":{"allow":["GET"]}}],"collection":[{"href":"https:\/\/www.cs.put.poznan.pl\/aantonowicz\/wp-json\/wp\/v2\/pages"}],"about":[{"href":"https:\/\/www.cs.put.poznan.pl\/aantonowicz\/wp-json\/wp\/v2\/types\/page"}],"author":[{"embeddable":true,"href":"https:\/\/www.cs.put.poznan.pl\/aantonowicz\/wp-json\/wp\/v2\/users\/1"}],"replies":[{"embeddable":true,"href":"https:\/\/www.cs.put.poznan.pl\/aantonowicz\/wp-json\/wp\/v2\/comments?post=218"}],"version-history":[{"count":44,"href":"https:\/\/www.cs.put.poznan.pl\/aantonowicz\/wp-json\/wp\/v2\/pages\/218\/revisions"}],"predecessor-version":[{"id":658,"href":"https:\/\/www.cs.put.poznan.pl\/aantonowicz\/wp-json\/wp\/v2\/pages\/218\/revisions\/658"}],"wp:attachment":[{"href":"https:\/\/www.cs.put.poznan.pl\/aantonowicz\/wp-json\/wp\/v2\/media?parent=218"}],"curies":[{"name":"wp","href":"https:\/\/api.w.org\/{rel}","templated":true}]}}